

{"id":2382,"date":"2025-10-24T12:00:00","date_gmt":"2025-10-24T10:00:00","guid":{"rendered":"https:\/\/gordiuszmasszazs.hu\/?post_type=product&#038;p=2382"},"modified":"2026-01-31T09:33:22","modified_gmt":"2026-01-31T08:33:22","slug":"gyuras-izomlazitas","status":"publish","type":"product","link":"https:\/\/gordiuszmasszazs.hu\/en\/product\/gyuras-izomlazitas\/","title":{"rendered":"Kneading-Muscle Relaxation"},"content":{"rendered":"<p>60 perces Gy\u00far\u00e1s-izomlaz\u00edt\u00e1sra jogos\u00edt\u00f3 aj\u00e1nd\u00e9kk\u00e1rtya.<\/p>\n<p><strong>Felhaszn\u00e1lhat\u00f3<\/strong> a v\u00e1s\u00e1rl\u00e1st\u00f3l sz\u00e1m\u00edtott <strong>90<\/strong><strong>\u00a0napig<\/strong>.<\/p>\n<h5>Sz\u00e1ll\u00edt\u00e1s\/Let\u00f6lt\u00e9s:<\/h5>\n<p>Email-ben PDF form\u00e1tumban<strong> ingyenes<\/strong><\/p>\n<p>Post\u00e1n kereszt\u00fcl: <strong>1500 Ft<\/strong><\/p>","protected":false},"excerpt":{"rendered":"<p>Laz\u00edtja a stressz, vagy intenz\u00edv sport hat\u00e1s\u00e1ra fesz\u00fcltt\u00e9, g\u00f6rcs\u00f6ss\u00e9 v\u00e1lt izmokat, melyek gyakran okoznak f\u00e1jdalmat \u00e9s megakad\u00e1lyozz\u00e1k a nyugodt pihen\u00e9st.<\/p>","protected":false},"featured_media":22809,"comment_status":"closed","ping_status":"closed","template":"","meta":[],"product_brand":[],"product_cat":[75],"product_tag":[],"class_list":{"0":"post-2382","1":"product","2":"type-product","3":"status-publish","4":"has-post-thumbnail","6":"product_cat-masszazs","8":"first","9":"instock","10":"shipping-taxable","11":"purchasable","12":"product-type-variable","13":"has-default-attributes"},"_links":{"self":[{"href":"https:\/\/gordiuszmasszazs.hu\/en\/wp-json\/wp\/v2\/product\/2382","targetHints":{"allow":["GET"]}}],"collection":[{"href":"https:\/\/gordiuszmasszazs.hu\/en\/wp-json\/wp\/v2\/product"}],"about":[{"href":"https:\/\/gordiuszmasszazs.hu\/en\/wp-json\/wp\/v2\/types\/product"}],"replies":[{"embeddable":true,"href":"https:\/\/gordiuszmasszazs.hu\/en\/wp-json\/wp\/v2\/comments?post=2382"}],"wp:featuredmedia":[{"embeddable":true,"href":"https:\/\/gordiuszmasszazs.hu\/en\/wp-json\/wp\/v2\/media\/22809"}],"wp:attachment":[{"href":"https:\/\/gordiuszmasszazs.hu\/en\/wp-json\/wp\/v2\/media?parent=2382"}],"wp:term":[{"taxonomy":"product_brand","embeddable":true,"href":"https:\/\/gordiuszmasszazs.hu\/en\/wp-json\/wp\/v2\/product_brand?post=2382"},{"taxonomy":"product_cat","embeddable":true,"href":"https:\/\/gordiuszmasszazs.hu\/en\/wp-json\/wp\/v2\/product_cat?post=2382"},{"taxonomy":"product_tag","embeddable":true,"href":"https:\/\/gordiuszmasszazs.hu\/en\/wp-json\/wp\/v2\/product_tag?post=2382"}],"curies":[{"name":"wp","href":"https:\/\/api.w.org\/{rel}","templated":true}]}}