

{"id":2381,"date":"2025-10-24T11:59:00","date_gmt":"2025-10-24T09:59:00","guid":{"rendered":"https:\/\/gordiuszmasszazs.hu\/?post_type=product&#038;p=2381"},"modified":"2026-01-31T09:31:09","modified_gmt":"2026-01-31T08:31:09","slug":"paros-masszazs","status":"publish","type":"product","link":"https:\/\/gordiuszmasszazs.hu\/en\/product\/paros-masszazs\/","title":{"rendered":"Couples Massage"},"content":{"rendered":"<p>Az \u00e1ltalatok tetsz\u0151legesen v\u00e1lasztott massz\u00e1zs j\u00f3t\u00e9kony hat\u00e1sait \u00e9s kellemes friss\u00edt\u0151 \u00e9lm\u00e9ny\u00e9t p\u00e1roddal, vagy bar\u00e1tn\u0151ddel egy\u00fctt is \u00e1t\u00e9lheted, ha ezt a szolg\u00e1ltat\u00e1sunkat v\u00e1lasztod.<\/p>\n<p>Ekkor 2 massz\u0151z 2 vend\u00e9gen 2 \u00e1gyon 1 id\u0151ben \u00e9s 1 helys\u00e9gben dolgozik.<\/p>\n<p>Azt, hogy milyen kr\u00e9mmel, vagy aroma olajjal \u00e9s er\u0151s vagy gyeng\u00e9d fog\u00e1sokkal szeretn\u00e9tek k\u00e9nyeztetni magatokat, Ti d\u00f6ntitek el. Szakk\u00e9pzett massz\u0151zeink, a csendes k\u00f6rnyezet \u00e9s a l\u00e1gy zene egy\u00fcttesen garant\u00e1lj\u00e1k a profi munk\u00e1t \u00e9s a bar\u00e1ti, vagy \u00e9ppen meghitt hangulatot.<\/p>","protected":false},"excerpt":{"rendered":"<p>60 perces P\u00e1ros massz\u00e1zsra jogos\u00edt\u00f3 aj\u00e1nd\u00e9kk\u00e1rtya.<\/p>\n<p><strong>Felhaszn\u00e1lhat\u00f3<\/strong> a v\u00e1s\u00e1rl\u00e1st\u00f3l sz\u00e1m\u00edtott <strong>90<\/strong><strong>\u00a0napig<\/strong>.<\/p>\n<h5>Sz\u00e1ll\u00edt\u00e1s\/Let\u00f6lt\u00e9s:<\/h5>\n<p>Email-ben PDF form\u00e1tumban<strong> ingyenes<\/strong><\/p>\n<p>Post\u00e1n kereszt\u00fcl: <strong>1500 Ft<\/strong><\/p>","protected":false},"featured_media":22913,"comment_status":"closed","ping_status":"closed","template":"","meta":[],"product_brand":[],"product_cat":[75],"product_tag":[],"class_list":{"0":"post-2381","1":"product","2":"type-product","3":"status-publish","4":"has-post-thumbnail","6":"product_cat-masszazs","8":"first","9":"instock","10":"shipping-taxable","11":"purchasable","12":"product-type-variable","13":"has-default-attributes"},"_links":{"self":[{"href":"https:\/\/gordiuszmasszazs.hu\/en\/wp-json\/wp\/v2\/product\/2381","targetHints":{"allow":["GET"]}}],"collection":[{"href":"https:\/\/gordiuszmasszazs.hu\/en\/wp-json\/wp\/v2\/product"}],"about":[{"href":"https:\/\/gordiuszmasszazs.hu\/en\/wp-json\/wp\/v2\/types\/product"}],"replies":[{"embeddable":true,"href":"https:\/\/gordiuszmasszazs.hu\/en\/wp-json\/wp\/v2\/comments?post=2381"}],"wp:featuredmedia":[{"embeddable":true,"href":"https:\/\/gordiuszmasszazs.hu\/en\/wp-json\/wp\/v2\/media\/22913"}],"wp:attachment":[{"href":"https:\/\/gordiuszmasszazs.hu\/en\/wp-json\/wp\/v2\/media?parent=2381"}],"wp:term":[{"taxonomy":"product_brand","embeddable":true,"href":"https:\/\/gordiuszmasszazs.hu\/en\/wp-json\/wp\/v2\/product_brand?post=2381"},{"taxonomy":"product_cat","embeddable":true,"href":"https:\/\/gordiuszmasszazs.hu\/en\/wp-json\/wp\/v2\/product_cat?post=2381"},{"taxonomy":"product_tag","embeddable":true,"href":"https:\/\/gordiuszmasszazs.hu\/en\/wp-json\/wp\/v2\/product_tag?post=2381"}],"curies":[{"name":"wp","href":"https:\/\/api.w.org\/{rel}","templated":true}]}}