

{"id":23805,"date":"2025-09-27T21:16:09","date_gmt":"2025-09-27T19:16:09","guid":{"rendered":"https:\/\/gordiuszmasszazs.hu\/?post_type=product&#038;p=23805"},"modified":"2026-01-31T09:54:21","modified_gmt":"2026-01-31T08:54:21","slug":"edenkert-csomag","status":"publish","type":"product","link":"https:\/\/gordiuszmasszazs.hu\/en\/product\/edenkert-csomag\/","title":{"rendered":"Garden of Eden Package"},"content":{"rendered":"<p>Reflexology is a natural healing method based on ancient traditions, the essence of which is that the stimulus exerted on the reflex zones (e.g. on the soles) has a negative effect on the entire body, triggers the body&#039;s self-healing processes, and is thus able to restore the state of balance, thereby healing. It is a gentle treatment suitable for maintaining our health, preventing the development of diseases, and curing already established diseases, it has no harmful side effects, and can be used by anyone, regardless of age or gender.<\/p>\n<p>Recommended treatment cycle: Weekly frequency<\/p>","protected":false},"excerpt":{"rendered":"<p>Reflexz\u00f3n\u00e1s talp massz\u00e1zs \u00e9s nyak-v\u00e1ll\u00f6v massz\u00e1zs, arc massz\u00e1zzsal kombin\u00e1lva<\/p>","protected":false},"featured_media":22955,"comment_status":"closed","ping_status":"closed","template":"","meta":[],"product_brand":[],"product_cat":[74],"product_tag":[],"class_list":{"0":"post-23805","1":"product","2":"type-product","3":"status-publish","4":"has-post-thumbnail","6":"product_cat-csomagok","8":"first","9":"instock","10":"shipping-taxable","11":"purchasable","12":"product-type-simple"},"_links":{"self":[{"href":"https:\/\/gordiuszmasszazs.hu\/en\/wp-json\/wp\/v2\/product\/23805","targetHints":{"allow":["GET"]}}],"collection":[{"href":"https:\/\/gordiuszmasszazs.hu\/en\/wp-json\/wp\/v2\/product"}],"about":[{"href":"https:\/\/gordiuszmasszazs.hu\/en\/wp-json\/wp\/v2\/types\/product"}],"replies":[{"embeddable":true,"href":"https:\/\/gordiuszmasszazs.hu\/en\/wp-json\/wp\/v2\/comments?post=23805"}],"wp:featuredmedia":[{"embeddable":true,"href":"https:\/\/gordiuszmasszazs.hu\/en\/wp-json\/wp\/v2\/media\/22955"}],"wp:attachment":[{"href":"https:\/\/gordiuszmasszazs.hu\/en\/wp-json\/wp\/v2\/media?parent=23805"}],"wp:term":[{"taxonomy":"product_brand","embeddable":true,"href":"https:\/\/gordiuszmasszazs.hu\/en\/wp-json\/wp\/v2\/product_brand?post=23805"},{"taxonomy":"product_cat","embeddable":true,"href":"https:\/\/gordiuszmasszazs.hu\/en\/wp-json\/wp\/v2\/product_cat?post=23805"},{"taxonomy":"product_tag","embeddable":true,"href":"https:\/\/gordiuszmasszazs.hu\/en\/wp-json\/wp\/v2\/product_tag?post=23805"}],"curies":[{"name":"wp","href":"https:\/\/api.w.org\/{rel}","templated":true}]}}