

{"id":23801,"date":"2025-09-27T21:00:25","date_gmt":"2025-09-27T19:00:25","guid":{"rendered":"https:\/\/gordiuszmasszazs.hu\/?post_type=product&#038;p=23801"},"modified":"2026-01-31T09:55:09","modified_gmt":"2026-01-31T08:55:09","slug":"jo-kozerzet-csomag","status":"publish","type":"product","link":"https:\/\/gordiuszmasszazs.hu\/en\/product\/jo-kozerzet-csomag\/","title":{"rendered":"Well-being Package"},"content":{"rendered":"<p class=\"has-text-align-left\">Hot stone massage has a history spanning thousands of years. Native Americans, Indians, and\u2014according to some sources\u2014even ancient Hungarian shamans used heated stones and minerals placed on the body for healing purposes. The treatment is based on a specialized massage technique that incorporates elements of energy-centered therapy, acupressure, and aromatherapy.\nInstead of manual massage, smooth volcanic basalt and marble stones are used. These stones, in various sizes, are heated to around 50\u201360\u00b0C (122\u2013140\u00b0F). Beyond the relaxing experience itself, hot stone massage offers numerous benefits: it promotes energy flow, relieves stress, and improves overall well-being. It enhances blood circulation, supports detoxification, relaxes muscles, alleviates insomnia, and is highly beneficial for the skin, as the deep heat allows oils to penetrate into the deeper layers of the skin.<\/p>\n<p>A test ellazul\u00e1sa mellett a szellem is relax\u00e1l, a v\u00e9geredm\u00e9ny pedig fizikai \u00e9s lelki meg\u00fajul\u00e1s, kiegyens\u00falyozotts\u00e1g. A merev iz\u00fcletek \u00e9s izmok visszanyerik rugalmass\u00e1gukat, a l\u00e9lek pedig meditat\u00edv \u00e1llapotba ker\u00fcl. K\u00faraszer\u0171 alkalmaz\u00e1sa javasolt, de m\u00e1r egy kezel\u00e9s is \u00e9rezhet\u0151 v\u00e1ltoz\u00e1st eredm\u00e9nyez.<\/p>","protected":false},"excerpt":{"rendered":"<p>75 perc l\u00e1vak\u00f6ves massz\u00e1zs<br \/>\n15 perc arcmassz\u00e1zs<\/p>","protected":false},"featured_media":22814,"comment_status":"closed","ping_status":"closed","template":"","meta":[],"product_brand":[],"product_cat":[74],"product_tag":[],"class_list":{"0":"post-23801","1":"product","2":"type-product","3":"status-publish","4":"has-post-thumbnail","6":"product_cat-csomagok","8":"first","9":"instock","10":"shipping-taxable","11":"purchasable","12":"product-type-simple"},"_links":{"self":[{"href":"https:\/\/gordiuszmasszazs.hu\/en\/wp-json\/wp\/v2\/product\/23801","targetHints":{"allow":["GET"]}}],"collection":[{"href":"https:\/\/gordiuszmasszazs.hu\/en\/wp-json\/wp\/v2\/product"}],"about":[{"href":"https:\/\/gordiuszmasszazs.hu\/en\/wp-json\/wp\/v2\/types\/product"}],"replies":[{"embeddable":true,"href":"https:\/\/gordiuszmasszazs.hu\/en\/wp-json\/wp\/v2\/comments?post=23801"}],"wp:featuredmedia":[{"embeddable":true,"href":"https:\/\/gordiuszmasszazs.hu\/en\/wp-json\/wp\/v2\/media\/22814"}],"wp:attachment":[{"href":"https:\/\/gordiuszmasszazs.hu\/en\/wp-json\/wp\/v2\/media?parent=23801"}],"wp:term":[{"taxonomy":"product_brand","embeddable":true,"href":"https:\/\/gordiuszmasszazs.hu\/en\/wp-json\/wp\/v2\/product_brand?post=23801"},{"taxonomy":"product_cat","embeddable":true,"href":"https:\/\/gordiuszmasszazs.hu\/en\/wp-json\/wp\/v2\/product_cat?post=23801"},{"taxonomy":"product_tag","embeddable":true,"href":"https:\/\/gordiuszmasszazs.hu\/en\/wp-json\/wp\/v2\/product_tag?post=23801"}],"curies":[{"name":"wp","href":"https:\/\/api.w.org\/{rel}","templated":true}]}}