

{"id":23795,"date":"2025-09-27T20:50:43","date_gmt":"2025-09-27T18:50:43","guid":{"rendered":"https:\/\/gordiuszmasszazs.hu\/?post_type=product&#038;p=23795"},"modified":"2026-01-31T09:55:36","modified_gmt":"2026-01-31T08:55:36","slug":"amor-nyila-csomag","status":"publish","type":"product","link":"https:\/\/gordiuszmasszazs.hu\/en\/product\/amor-nyila-csomag\/","title":{"rendered":"Cupid&#039;s Arrow Package"},"content":{"rendered":"<p>P\u00e1ros Massz\u00e1zs Csomag, ahol az \u00e1ltalatok tetsz\u0151legesen v\u00e1lasztott massz\u00e1zs j\u00f3t\u00e9kony hat\u00e1sait \u00e9s kellemes friss\u00edt\u0151 \u00e9lm\u00e9ny\u00e9t p\u00e1roddal, vagy bar\u00e1tn\u0151ddel egy\u00fctt is \u00e1t\u00e9lheted, mik\u00f6zben egy pihentet\u0151 arc massz\u00e1zzsal is megtoldjuk a kezel\u00e9st, ha ezt a szolg\u00e1ltat\u00e1sunkat v\u00e1lasztod.<\/p>\n<p>Ekkor 2 massz\u0151z 2 vend\u00e9gen 2 \u00e1gyon 1 id\u0151ben \u00e9s 1 helys\u00e9gben dolgozik.<\/p>\n<p>Azt, hogy milyen kr\u00e9mmel, vagy aroma olajjal \u00e9s er\u0151s vagy gyeng\u00e9d fog\u00e1sokkal szeretn\u00e9tek k\u00e9nyeztetni magatokat, Ti d\u00f6ntitek el. Szakk\u00e9pzett massz\u0151zeink, a csendes k\u00f6rnyezet \u00e9s a l\u00e1gy zene egy\u00fcttesen garant\u00e1lj\u00e1k a profi munk\u00e1t \u00e9s a bar\u00e1ti, vagy \u00e9ppen meghitt hangulatot.<\/p>","protected":false},"excerpt":{"rendered":"<p>70-70 perces v\u00e1laszthat\u00f3 massz\u00e1zs<br \/>\n20-20 perc arc massz\u00e1zs<\/p>","protected":false},"featured_media":22897,"comment_status":"closed","ping_status":"closed","template":"","meta":[],"product_brand":[],"product_cat":[74],"product_tag":[],"class_list":{"0":"post-23795","1":"product","2":"type-product","3":"status-publish","4":"has-post-thumbnail","6":"product_cat-csomagok","8":"first","9":"instock","10":"shipping-taxable","11":"purchasable","12":"product-type-simple"},"_links":{"self":[{"href":"https:\/\/gordiuszmasszazs.hu\/en\/wp-json\/wp\/v2\/product\/23795","targetHints":{"allow":["GET"]}}],"collection":[{"href":"https:\/\/gordiuszmasszazs.hu\/en\/wp-json\/wp\/v2\/product"}],"about":[{"href":"https:\/\/gordiuszmasszazs.hu\/en\/wp-json\/wp\/v2\/types\/product"}],"replies":[{"embeddable":true,"href":"https:\/\/gordiuszmasszazs.hu\/en\/wp-json\/wp\/v2\/comments?post=23795"}],"wp:featuredmedia":[{"embeddable":true,"href":"https:\/\/gordiuszmasszazs.hu\/en\/wp-json\/wp\/v2\/media\/22897"}],"wp:attachment":[{"href":"https:\/\/gordiuszmasszazs.hu\/en\/wp-json\/wp\/v2\/media?parent=23795"}],"wp:term":[{"taxonomy":"product_brand","embeddable":true,"href":"https:\/\/gordiuszmasszazs.hu\/en\/wp-json\/wp\/v2\/product_brand?post=23795"},{"taxonomy":"product_cat","embeddable":true,"href":"https:\/\/gordiuszmasszazs.hu\/en\/wp-json\/wp\/v2\/product_cat?post=23795"},{"taxonomy":"product_tag","embeddable":true,"href":"https:\/\/gordiuszmasszazs.hu\/en\/wp-json\/wp\/v2\/product_tag?post=23795"}],"curies":[{"name":"wp","href":"https:\/\/api.w.org\/{rel}","templated":true}]}}