

{"id":2377,"date":"2025-02-11T12:18:04","date_gmt":"2025-02-11T11:18:04","guid":{"rendered":"https:\/\/gordiuszmasszazs.hu\/?post_type=product&#038;p=2377"},"modified":"2026-01-31T10:24:14","modified_gmt":"2026-01-31T09:24:14","slug":"aroma-arc-masszazs","status":"publish","type":"product","link":"https:\/\/gordiuszmasszazs.hu\/en\/product\/aroma-arc-masszazs\/","title":{"rendered":"Aroma-Arc massz\u00e1zs"},"content":{"rendered":"<p>Ez egy teljes test massz\u00e1zs, melyben a kezel\u00e9shez a vend\u00e9g maga v\u00e1laszthatja ki az \u00e9ppen a hangulat\u00e1hoz ill\u0151 aromaolajat, kr\u00e9met. Ezzel el\u0151seg\u00edti, hogy m\u00e9g t\u00f6k\u00e9letesebb \u00e9s szem\u00e9lyre szabottabb \u00f6sszhangot tudjunk kialak\u00edtani a test \u00e9s l\u00e9lek k\u00f6z\u00f6tt. A langyos olajjal v\u00e9gzett pihentet\u0151, laz\u00edt\u00f3 sim\u00edt\u00e1sok megnyugtatj\u00e1k a b\u0151rt, \u00e9s seg\u00edtenek annak term\u00e9szetes frissess\u00e9g\u00e9nek, rugalmass\u00e1g\u00e1nak meg\u0151rz\u00e9s\u00e9ben. Tudom\u00e1nyos vizsg\u00e1latok alapj\u00e1n a massz\u00e1zs j\u00f3t\u00e9kony hat\u00e1s\u00e1nak k\u00f6sz\u00f6nhet\u0151en k\u00e9s\u0151bb jelennek meg r\u00e1ncok \u00e9s a narancsb\u0151r kialakul\u00e1sa is elker\u00fclhet\u0151. A t\u00e9nyt, hogy az illatok k\u00e9pesek hat\u00e1ssal lenni a napi hangulatunkra, az \u00e9rz\u00e9seinkre, gondolataikra, szerint\u00fcnk nem sz\u00fcks\u00e9ges bizonygatni, mert mindenki tal\u00e1lkozott m\u00e1r ezzel az \u00e9lete sor\u00e1n. Ezen fel\u00fcl viszont k\u00e9pesek cs\u00f6kkenteni a minket \u00e9rt stresszt, b\u0151rre kenve stimul\u00e1lj\u00e1k a kering\u00e9st, seg\u00edtik a m\u00e9reganyagok elt\u00e1voz\u00e1s\u00e1t a szervezet\u00fcnkb\u0151l. Vannak olyan ill\u00f3olajok, melyek v\u00edrus- \u00e9s bakt\u00e9rium\u00f6l\u0151 tulajdons\u00e1gokkal rendelkeznek, \u00e1lmatlans\u00e1gra, depresszi\u00f3ra, l\u00e9gz\u00e9si probl\u00e9m\u00e1kra ny\u00fajtanak megold\u00e1st. Alkalmaz\u00e1sukkor t\u00f6bb \u00e9rz\u00e9kszerv\u00fcnkre is hathatunk egy id\u0151ben. Bel\u00e9legezz\u00fck, a b\u0151r\u00fcnkre kenj\u00fck, vagy egyszerre mindkett\u0151vel fokozzuk a hat\u00e1st.<\/p>\n<p style=\"text-align: center;\">Arc massz\u00e1zs:<br \/>\nC\u00e9lja a sz\u00f6vetek rugalmass\u00e1g\u00e1nak, feszess\u00e9g\u00e9nek megtart\u00e1sa, az \u00f6reged\u00e9si t\u00fcnetek megel\u0151z\u00e9se, kialakul\u00e1s\u00e1nak k\u00e9sleltet\u00e9se.<\/p>","protected":false},"excerpt":{"rendered":"<p>Ahol a fej \u00e9s a test is megpihenhet<\/p>","protected":false},"featured_media":22786,"comment_status":"closed","ping_status":"closed","template":"","meta":[],"product_brand":[],"product_cat":[75],"product_tag":[],"class_list":{"0":"post-2377","1":"product","2":"type-product","3":"status-publish","4":"has-post-thumbnail","6":"product_cat-masszazs","8":"first","9":"instock","10":"shipping-taxable","11":"purchasable","12":"product-type-simple"},"_links":{"self":[{"href":"https:\/\/gordiuszmasszazs.hu\/en\/wp-json\/wp\/v2\/product\/2377","targetHints":{"allow":["GET"]}}],"collection":[{"href":"https:\/\/gordiuszmasszazs.hu\/en\/wp-json\/wp\/v2\/product"}],"about":[{"href":"https:\/\/gordiuszmasszazs.hu\/en\/wp-json\/wp\/v2\/types\/product"}],"replies":[{"embeddable":true,"href":"https:\/\/gordiuszmasszazs.hu\/en\/wp-json\/wp\/v2\/comments?post=2377"}],"wp:featuredmedia":[{"embeddable":true,"href":"https:\/\/gordiuszmasszazs.hu\/en\/wp-json\/wp\/v2\/media\/22786"}],"wp:attachment":[{"href":"https:\/\/gordiuszmasszazs.hu\/en\/wp-json\/wp\/v2\/media?parent=2377"}],"wp:term":[{"taxonomy":"product_brand","embeddable":true,"href":"https:\/\/gordiuszmasszazs.hu\/en\/wp-json\/wp\/v2\/product_brand?post=2377"},{"taxonomy":"product_cat","embeddable":true,"href":"https:\/\/gordiuszmasszazs.hu\/en\/wp-json\/wp\/v2\/product_cat?post=2377"},{"taxonomy":"product_tag","embeddable":true,"href":"https:\/\/gordiuszmasszazs.hu\/en\/wp-json\/wp\/v2\/product_tag?post=2377"}],"curies":[{"name":"wp","href":"https:\/\/api.w.org\/{rel}","templated":true}]}}