

{"id":23766,"date":"2025-09-23T21:32:57","date_gmt":"2025-09-23T19:32:57","guid":{"rendered":"https:\/\/gordiuszmasszazs.hu\/?post_type=product&#038;p=23766"},"modified":"2026-01-31T10:07:45","modified_gmt":"2026-01-31T09:07:45","slug":"izom-ero-csomag","status":"publish","type":"product","link":"https:\/\/gordiuszmasszazs.hu\/en\/product\/izom-ero-csomag\/","title":{"rendered":"Izom-er\u0151 Csomag"},"content":{"rendered":"<p class=\"trx_addons_no_margin\"><strong><span class=\"trx_addons_alter_text trx_addons_alter_text_2\">60 vagy 75 perc <\/span><span class=\"trx_addons_alter_text trx_addons_alter_text_2\">gy\u00far\u00e1s, izomlaz\u00edt\u00e1s + <\/span><span class=\"trx_addons_alter_text trx_addons_alter_text_2\">15 perc <\/span><span class=\"trx_addons_alter_text trx_addons_alter_text_2\">arcmassz\u00e1zs<\/span><\/strong><\/p>","protected":false},"excerpt":{"rendered":"<p><strong><span class=\"trx_addons_alter_text trx_addons_alter_text_2\">60 vagy 75 perc <\/span><span class=\"trx_addons_alter_text trx_addons_alter_text_2\">gy\u00far\u00e1s, izomlaz\u00edt\u00e1s + <\/span><span class=\"trx_addons_alter_text trx_addons_alter_text_2\">15 perc <\/span><span class=\"trx_addons_alter_text trx_addons_alter_text_2\">arcmassz\u00e1zs<\/span><\/strong><\/p>","protected":false},"featured_media":23638,"comment_status":"closed","ping_status":"closed","template":"","meta":[],"product_brand":[],"product_cat":[74],"product_tag":[],"class_list":{"0":"post-23766","1":"product","2":"type-product","3":"status-publish","4":"has-post-thumbnail","6":"product_cat-csomagok","8":"first","9":"instock","10":"shipping-taxable","11":"purchasable","12":"product-type-variable"},"_links":{"self":[{"href":"https:\/\/gordiuszmasszazs.hu\/en\/wp-json\/wp\/v2\/product\/23766","targetHints":{"allow":["GET"]}}],"collection":[{"href":"https:\/\/gordiuszmasszazs.hu\/en\/wp-json\/wp\/v2\/product"}],"about":[{"href":"https:\/\/gordiuszmasszazs.hu\/en\/wp-json\/wp\/v2\/types\/product"}],"replies":[{"embeddable":true,"href":"https:\/\/gordiuszmasszazs.hu\/en\/wp-json\/wp\/v2\/comments?post=23766"}],"wp:featuredmedia":[{"embeddable":true,"href":"https:\/\/gordiuszmasszazs.hu\/en\/wp-json\/wp\/v2\/media\/23638"}],"wp:attachment":[{"href":"https:\/\/gordiuszmasszazs.hu\/en\/wp-json\/wp\/v2\/media?parent=23766"}],"wp:term":[{"taxonomy":"product_brand","embeddable":true,"href":"https:\/\/gordiuszmasszazs.hu\/en\/wp-json\/wp\/v2\/product_brand?post=23766"},{"taxonomy":"product_cat","embeddable":true,"href":"https:\/\/gordiuszmasszazs.hu\/en\/wp-json\/wp\/v2\/product_cat?post=23766"},{"taxonomy":"product_tag","embeddable":true,"href":"https:\/\/gordiuszmasszazs.hu\/en\/wp-json\/wp\/v2\/product_tag?post=23766"}],"curies":[{"name":"wp","href":"https:\/\/api.w.org\/{rel}","templated":true}]}}