

{"id":23738,"date":"2025-09-23T20:57:05","date_gmt":"2025-09-23T18:57:05","guid":{"rendered":"https:\/\/gordiuszmasszazs.hu\/?post_type=product&#038;p=23738"},"modified":"2026-01-31T10:00:21","modified_gmt":"2026-01-31T09:00:21","slug":"probald-ki-berlet","status":"publish","type":"product","link":"https:\/\/gordiuszmasszazs.hu\/en\/product\/probald-ki-berlet\/","title":{"rendered":"&#8222;Pr\u00f3b\u00e1ld ki&#8221; B\u00e9rlet"},"content":{"rendered":"<p>4 alkalmas, szabadon v\u00e1laszthat\u00f3 massz\u00e1zs b\u00e9rlet<\/p>","protected":false},"excerpt":{"rendered":"<p>4 alkalmas, szabadon v\u00e1laszthat\u00f3 masssz\u00e1zs b\u00e9rlet<\/p>","protected":false},"featured_media":22947,"comment_status":"closed","ping_status":"closed","template":"","meta":[],"product_brand":[],"product_cat":[198],"product_tag":[224],"class_list":{"0":"post-23738","1":"product","2":"type-product","3":"status-publish","4":"has-post-thumbnail","6":"product_cat-berletek","7":"product_tag-berlet","9":"first","10":"instock","11":"shipping-taxable","12":"purchasable","13":"product-type-simple"},"_links":{"self":[{"href":"https:\/\/gordiuszmasszazs.hu\/en\/wp-json\/wp\/v2\/product\/23738","targetHints":{"allow":["GET"]}}],"collection":[{"href":"https:\/\/gordiuszmasszazs.hu\/en\/wp-json\/wp\/v2\/product"}],"about":[{"href":"https:\/\/gordiuszmasszazs.hu\/en\/wp-json\/wp\/v2\/types\/product"}],"replies":[{"embeddable":true,"href":"https:\/\/gordiuszmasszazs.hu\/en\/wp-json\/wp\/v2\/comments?post=23738"}],"wp:featuredmedia":[{"embeddable":true,"href":"https:\/\/gordiuszmasszazs.hu\/en\/wp-json\/wp\/v2\/media\/22947"}],"wp:attachment":[{"href":"https:\/\/gordiuszmasszazs.hu\/en\/wp-json\/wp\/v2\/media?parent=23738"}],"wp:term":[{"taxonomy":"product_brand","embeddable":true,"href":"https:\/\/gordiuszmasszazs.hu\/en\/wp-json\/wp\/v2\/product_brand?post=23738"},{"taxonomy":"product_cat","embeddable":true,"href":"https:\/\/gordiuszmasszazs.hu\/en\/wp-json\/wp\/v2\/product_cat?post=23738"},{"taxonomy":"product_tag","embeddable":true,"href":"https:\/\/gordiuszmasszazs.hu\/en\/wp-json\/wp\/v2\/product_tag?post=23738"}],"curies":[{"name":"wp","href":"https:\/\/api.w.org\/{rel}","templated":true}]}}