

{"id":23599,"date":"2025-09-14T09:39:17","date_gmt":"2025-09-14T07:39:17","guid":{"rendered":"https:\/\/gordiuszmasszazs.hu\/?post_type=product&#038;p=23599"},"modified":"2026-01-31T10:17:03","modified_gmt":"2026-01-31T09:17:03","slug":"cellulit_berlet","status":"publish","type":"product","link":"https:\/\/gordiuszmasszazs.hu\/en\/product\/cellulit_berlet\/","title":{"rendered":"Cellulite Rental"},"content":{"rendered":"<p>4 alkalmas cellulit massz\u00e1zs test tekercsel\u00e9ssel b\u00e9rlet, 60 vagy 90 perces<\/p>","protected":false},"excerpt":{"rendered":"<p>4 alkalmas Cellulit massz\u00e1zs B\u00e9rlet (60 vagy 90 perc)<\/p>","protected":false},"featured_media":22961,"comment_status":"open","ping_status":"closed","template":"","meta":[],"product_brand":[],"product_cat":[198],"product_tag":[224],"class_list":{"0":"post-23599","1":"product","2":"type-product","3":"status-publish","4":"has-post-thumbnail","6":"product_cat-berletek","7":"product_tag-berlet","9":"first","10":"instock","11":"shipping-taxable","12":"purchasable","13":"product-type-variable"},"_links":{"self":[{"href":"https:\/\/gordiuszmasszazs.hu\/en\/wp-json\/wp\/v2\/product\/23599","targetHints":{"allow":["GET"]}}],"collection":[{"href":"https:\/\/gordiuszmasszazs.hu\/en\/wp-json\/wp\/v2\/product"}],"about":[{"href":"https:\/\/gordiuszmasszazs.hu\/en\/wp-json\/wp\/v2\/types\/product"}],"replies":[{"embeddable":true,"href":"https:\/\/gordiuszmasszazs.hu\/en\/wp-json\/wp\/v2\/comments?post=23599"}],"wp:featuredmedia":[{"embeddable":true,"href":"https:\/\/gordiuszmasszazs.hu\/en\/wp-json\/wp\/v2\/media\/22961"}],"wp:attachment":[{"href":"https:\/\/gordiuszmasszazs.hu\/en\/wp-json\/wp\/v2\/media?parent=23599"}],"wp:term":[{"taxonomy":"product_brand","embeddable":true,"href":"https:\/\/gordiuszmasszazs.hu\/en\/wp-json\/wp\/v2\/product_brand?post=23599"},{"taxonomy":"product_cat","embeddable":true,"href":"https:\/\/gordiuszmasszazs.hu\/en\/wp-json\/wp\/v2\/product_cat?post=23599"},{"taxonomy":"product_tag","embeddable":true,"href":"https:\/\/gordiuszmasszazs.hu\/en\/wp-json\/wp\/v2\/product_tag?post=23599"}],"curies":[{"name":"wp","href":"https:\/\/api.w.org\/{rel}","templated":true}]}}