

{"id":2345,"date":"2025-02-12T10:33:03","date_gmt":"2025-02-12T09:33:03","guid":{"rendered":"https:\/\/gordiuszmasszazs.hu\/?post_type=product&#038;p=2345"},"modified":"2026-01-31T10:21:44","modified_gmt":"2026-01-31T09:21:44","slug":"migren-masszazs","status":"publish","type":"product","link":"https:\/\/gordiuszmasszazs.hu\/en\/product\/migren-masszazs\/","title":{"rendered":"Migraine Massage"},"content":{"rendered":"<p>A migr\u00e9n egy nagyon er\u0151s, f\u00e9loldali fejf\u00e1j\u00e1s. A f\u00e1jdalom legt\u00f6bbsz\u00f6r h\u00e1nyingerrel, h\u00e1ny\u00e1ssal, f\u00e9ny- \u00e9s hang\u00e9rz\u00e9kenys\u00e9ggel, valamint gyenges\u00e9ggel j\u00e1r, \u00edgy a benne szenved\u0151 m\u00e9g a mindennapi teend\u0151it sem tudja igaz\u00e1n ell\u00e1tni, s\u0151t olykor m\u00e9g a munkav\u00e9gz\u00e9sre is k\u00e9ptelen. Viszont j\u00f3 h\u00edr, hogy b\u00e1rmi is okozza mindezt, massz\u00e1zzsal a t\u00fcnetek enyh\u00edthet\u0151ek, vagy ak\u00e1r meg is sz\u00fcntethet\u0151ek. Enn\u00e9l a massz\u00e1zs t\u00edpusn\u00e1l 45 percben arc-fej-nyak massz\u00e1zst v\u00e9gz\u00fcnk, hogy enyh\u00edts\u00fck az izmok feszess\u00e9g\u00e9t, ezzel biztos\u00edtva a megfelel\u0151 v\u00e9rell\u00e1t\u00e1s\u00e1t az agynak \u00e9s \u00edgy cs\u00f6kkentve a fejf\u00e1j\u00e1st. A massz\u00e1zst k\u00f6vet\u0151en 15 percet biztos\u00edtunk relax\u00e1ci\u00f3nak.<\/p>","protected":false},"excerpt":{"rendered":"<p>Rest for the head inside and out<\/p>","protected":false},"featured_media":22940,"comment_status":"closed","ping_status":"closed","template":"","meta":[],"product_brand":[],"product_cat":[75],"product_tag":[],"class_list":{"0":"post-2345","1":"product","2":"type-product","3":"status-publish","4":"has-post-thumbnail","6":"product_cat-masszazs","8":"first","9":"instock","10":"shipping-taxable","11":"purchasable","12":"product-type-simple"},"_links":{"self":[{"href":"https:\/\/gordiuszmasszazs.hu\/en\/wp-json\/wp\/v2\/product\/2345","targetHints":{"allow":["GET"]}}],"collection":[{"href":"https:\/\/gordiuszmasszazs.hu\/en\/wp-json\/wp\/v2\/product"}],"about":[{"href":"https:\/\/gordiuszmasszazs.hu\/en\/wp-json\/wp\/v2\/types\/product"}],"replies":[{"embeddable":true,"href":"https:\/\/gordiuszmasszazs.hu\/en\/wp-json\/wp\/v2\/comments?post=2345"}],"wp:featuredmedia":[{"embeddable":true,"href":"https:\/\/gordiuszmasszazs.hu\/en\/wp-json\/wp\/v2\/media\/22940"}],"wp:attachment":[{"href":"https:\/\/gordiuszmasszazs.hu\/en\/wp-json\/wp\/v2\/media?parent=2345"}],"wp:term":[{"taxonomy":"product_brand","embeddable":true,"href":"https:\/\/gordiuszmasszazs.hu\/en\/wp-json\/wp\/v2\/product_brand?post=2345"},{"taxonomy":"product_cat","embeddable":true,"href":"https:\/\/gordiuszmasszazs.hu\/en\/wp-json\/wp\/v2\/product_cat?post=2345"},{"taxonomy":"product_tag","embeddable":true,"href":"https:\/\/gordiuszmasszazs.hu\/en\/wp-json\/wp\/v2\/product_tag?post=2345"}],"curies":[{"name":"wp","href":"https:\/\/api.w.org\/{rel}","templated":true}]}}