

{"id":2344,"date":"2025-10-24T11:57:27","date_gmt":"2025-10-24T09:57:27","guid":{"rendered":"https:\/\/gordiuszmasszazs.hu\/?post_type=product&#038;p=2344"},"modified":"2026-01-31T09:34:25","modified_gmt":"2026-01-31T08:34:25","slug":"reflexzonas-talpmasszazs","status":"publish","type":"product","link":"https:\/\/gordiuszmasszazs.hu\/en\/product\/reflexzonas-talpmasszazs\/","title":{"rendered":"Reflexology Massage"},"content":{"rendered":"<p>A reflex z\u00f3na massz\u00e1zs \u0151si hagyom\u00e1nyokra \u00e9p\u00fcl\u0151 term\u00e9szetgy\u00f3gy\u00e1szati m\u00f3dszer, melynek l\u00e9nyege, hogy a reflexz\u00f3n\u00e1kon (pl. a talpon) kifejtett ingerhat\u00e1s visszahat a szervezet eg\u00e9sz\u00e9re, beind\u00edtja a szervezet \u00f6ngy\u00f3gy\u00edt\u00f3 folyamatait, \u00e9s \u00edgy k\u00e9pes vissza\u00e1ll\u00edtani az egyens\u00falyi \u00e1llapotot, ez\u00e1ltal a gy\u00f3gyul\u00e1st. Eg\u00e9szs\u00e9g\u00fcnk meg\u0151rz\u00e9s\u00e9re, betegs\u00e9gek kialakul\u00e1s\u00e1nak megel\u0151z\u00e9s\u00e9re, illetve m\u00e1r kialakult betegs\u00e9gek gy\u00f3gy\u00edt\u00e1s\u00e1ra egyar\u00e1nt alkalmas szel\u00edd gy\u00f3gym\u00f3d, nincsenek k\u00e1ros mell\u00e9khat\u00e1sai, b\u00e1rkin alkalmazhat\u00f3, korra \u00e9s nemre val\u00f3 tekintet n\u00e9lk\u00fcl.<br \/>\nContraindications: fever, inflammation of the veins, deep vein thrombosis, infectious disease, severe athlete&#039;s foot, leg ulcer, serious nervous system problem, serious heart disease, use of a pacemaker, pregnancy, first 3 days of menstruation<\/p>\n<p>Recommended treatment cycle: Weekly frequency<\/p>","protected":false},"excerpt":{"rendered":"<p>60 perces, Reflex z\u00f3na massz\u00e1zs aj\u00e1nd\u00e9kk\u00e1rtya.<\/p>\n<p><strong>Felhaszn\u00e1lhat\u00f3<\/strong> a v\u00e1s\u00e1rl\u00e1st\u00f3l sz\u00e1m\u00edtott <strong>90 napig<\/strong>.<\/p>\n<h5>Sz\u00e1ll\u00edt\u00e1s\/Let\u00f6lt\u00e9s:<\/h5>\n<p>Email-ben PDF form\u00e1tumban ingyenes<\/p>\n<p>Post\u00e1n kereszt\u00fcl:\u00a0 \u00a01500 Ft<\/p>","protected":false},"featured_media":22955,"comment_status":"closed","ping_status":"closed","template":"","meta":[],"product_brand":[],"product_cat":[75],"product_tag":[],"class_list":{"0":"post-2344","1":"product","2":"type-product","3":"status-publish","4":"has-post-thumbnail","6":"product_cat-masszazs","8":"first","9":"instock","10":"shipping-taxable","11":"purchasable","12":"product-type-simple"},"_links":{"self":[{"href":"https:\/\/gordiuszmasszazs.hu\/en\/wp-json\/wp\/v2\/product\/2344","targetHints":{"allow":["GET"]}}],"collection":[{"href":"https:\/\/gordiuszmasszazs.hu\/en\/wp-json\/wp\/v2\/product"}],"about":[{"href":"https:\/\/gordiuszmasszazs.hu\/en\/wp-json\/wp\/v2\/types\/product"}],"replies":[{"embeddable":true,"href":"https:\/\/gordiuszmasszazs.hu\/en\/wp-json\/wp\/v2\/comments?post=2344"}],"wp:featuredmedia":[{"embeddable":true,"href":"https:\/\/gordiuszmasszazs.hu\/en\/wp-json\/wp\/v2\/media\/22955"}],"wp:attachment":[{"href":"https:\/\/gordiuszmasszazs.hu\/en\/wp-json\/wp\/v2\/media?parent=2344"}],"wp:term":[{"taxonomy":"product_brand","embeddable":true,"href":"https:\/\/gordiuszmasszazs.hu\/en\/wp-json\/wp\/v2\/product_brand?post=2344"},{"taxonomy":"product_cat","embeddable":true,"href":"https:\/\/gordiuszmasszazs.hu\/en\/wp-json\/wp\/v2\/product_cat?post=2344"},{"taxonomy":"product_tag","embeddable":true,"href":"https:\/\/gordiuszmasszazs.hu\/en\/wp-json\/wp\/v2\/product_tag?post=2344"}],"curies":[{"name":"wp","href":"https:\/\/api.w.org\/{rel}","templated":true}]}}