

{"id":2340,"date":"2025-02-12T10:29:05","date_gmt":"2025-02-12T09:29:05","guid":{"rendered":"https:\/\/gordiuszmasszazs.hu\/?post_type=product&#038;p=2340"},"modified":"2026-01-31T10:23:14","modified_gmt":"2026-01-31T09:23:14","slug":"aroma-masszazs","status":"publish","type":"product","link":"https:\/\/gordiuszmasszazs.hu\/en\/product\/aroma-masszazs\/","title":{"rendered":"Aroma Massage"},"content":{"rendered":"<p>Ez egy teljes test massz\u00e1zs, melyben a kezel\u00e9shez a vend\u00e9g maga v\u00e1laszthatja ki az \u00e9ppen a hangulat\u00e1hoz ill\u0151 aromaolajat, kr\u00e9met. Ezzel el\u0151seg\u00edtve, hogy m\u00e9g t\u00f6k\u00e9letesebb \u00e9s szem\u00e9lyre szabottabb \u00f6sszhangot tudjunk kialak\u00edtani a test \u00e9s l\u00e9lek k\u00f6z\u00f6tt. A kellemes, langyos olajjal v\u00e9gzett pihentet\u0151, laz\u00edt\u00f3 sim\u00edt\u00e1sok megnyugtatj\u00e1k a b\u0151rt, \u00e9s seg\u00edtenek annak term\u00e9szetes frissess\u00e9g\u00e9nek \u00e9s rugalmass\u00e1g\u00e1nak meg\u0151rz\u00e9s\u00e9ben, emellett k\u00e9sleltetik a r\u00e1ncok \u00e9s a narancsb\u0151r kialakul\u00e1s\u00e1t<\/p>","protected":false},"excerpt":{"rendered":"<p>Aromaolajos massz\u00e1zs ahol a Test \u00e9s a L\u00e9lek \u00f6sszahangba ker\u00fcl<\/p>","protected":false},"featured_media":22921,"comment_status":"closed","ping_status":"closed","template":"","meta":[],"product_brand":[],"product_cat":[75],"product_tag":[],"class_list":{"0":"post-2340","1":"product","2":"type-product","3":"status-publish","4":"has-post-thumbnail","6":"product_cat-masszazs","8":"first","9":"instock","10":"shipping-taxable","11":"purchasable","12":"product-type-variable","13":"has-default-attributes"},"_links":{"self":[{"href":"https:\/\/gordiuszmasszazs.hu\/en\/wp-json\/wp\/v2\/product\/2340","targetHints":{"allow":["GET"]}}],"collection":[{"href":"https:\/\/gordiuszmasszazs.hu\/en\/wp-json\/wp\/v2\/product"}],"about":[{"href":"https:\/\/gordiuszmasszazs.hu\/en\/wp-json\/wp\/v2\/types\/product"}],"replies":[{"embeddable":true,"href":"https:\/\/gordiuszmasszazs.hu\/en\/wp-json\/wp\/v2\/comments?post=2340"}],"wp:featuredmedia":[{"embeddable":true,"href":"https:\/\/gordiuszmasszazs.hu\/en\/wp-json\/wp\/v2\/media\/22921"}],"wp:attachment":[{"href":"https:\/\/gordiuszmasszazs.hu\/en\/wp-json\/wp\/v2\/media?parent=2340"}],"wp:term":[{"taxonomy":"product_brand","embeddable":true,"href":"https:\/\/gordiuszmasszazs.hu\/en\/wp-json\/wp\/v2\/product_brand?post=2340"},{"taxonomy":"product_cat","embeddable":true,"href":"https:\/\/gordiuszmasszazs.hu\/en\/wp-json\/wp\/v2\/product_cat?post=2340"},{"taxonomy":"product_tag","embeddable":true,"href":"https:\/\/gordiuszmasszazs.hu\/en\/wp-json\/wp\/v2\/product_tag?post=2340"}],"curies":[{"name":"wp","href":"https:\/\/api.w.org\/{rel}","templated":true}]}}