

{"id":2339,"date":"2025-02-12T10:13:31","date_gmt":"2025-02-12T09:13:31","guid":{"rendered":"https:\/\/gordiuszmasszazs.hu\/?post_type=product&#038;p=2339"},"modified":"2026-04-26T08:10:16","modified_gmt":"2026-04-26T06:10:16","slug":"cellulit-kezeles","status":"publish","type":"product","link":"https:\/\/gordiuszmasszazs.hu\/en\/product\/cellulit-kezeles\/","title":{"rendered":"Cellulite treatment"},"content":{"rendered":"<p>El\u00e9gedetlen vagy jelenlegi alakoddal? A hossz\u00fa t\u00e9li h\u00f3napok alatt felszaladt n\u00e9h\u00e1ny centi a derekadra? A narancsb\u0151r, cellulit\u00a0 jeleit v\u00e9led magadon felfedezni? Ha ezen k\u00e9rd\u00e9sek b\u00e1rmelyik\u00e9re a v\u00e1lasz: igen, \u00e9s nem f\u00e9lsz \u00e1ldozatot hozni, hogy ez ne \u00edgy legyen, pr\u00f3b\u00e1ld ki a testtekercsel\u00e9st!<br \/>\nA folyamat egy 60 perces zs\u00edrt\u00f6r\u0151 massz\u00e1zzsal indul, melyet speci\u00e1lis kr\u00e9mmel v\u00e9gz\u00fcnk \u00e9s a speci\u00e1lis fog\u00e1sok mellett k\u00f6p\u00f6lyt is haszn\u00e1lunk a maxim\u00e1lis eredm\u00e9ny \u00e9rdek\u00e9ben. A massz\u00e1zs v\u00e9gezt\u00e9vel egy szint\u00e9n speci\u00e1lis tekercsel\u0151 f\u00f3li\u00e1val szorosan k\u00f6rbe tekerj\u00fck a k\u00edv\u00e1nt r\u00e9szeket \u00e9s k\u00f6vetkezik egy 15 perces laz\u00edt\u00e1s, pihen\u00e9s, amikor is meleg takar\u00f3ba burkolva, a test saj\u00e1t m\u00e9regtelen\u00edt\u0151 folyamat\u00e1t (izzad\u00e1s) kihaszn\u00e1lva t\u00e1voznak a m\u00e9reganyagok \u00e9s beindul a nyirok kering\u00e9s.<br \/>\n(Helyes t\u00e1pl\u00e1lkoz\u00e1s \u00e9s rendszeres mozg\u00e1s mellett tart\u00f3sabb lesz az eredm\u00e9ny!)<\/p>\n<p>Aj\u00e1nlott kezel\u00e9si ciklus: \u00f6sszesen legal\u00e1bb 5-10 alkalom \u00e9s heti rendszeress\u00e9g<\/p>","protected":false},"excerpt":{"rendered":"<p>Tekercsel\u00e9ssel kombin\u00e1lt zs\u00edrbont\u00f3 cellulit massz\u00e1zs<\/p>","protected":false},"featured_media":22961,"comment_status":"open","ping_status":"closed","template":"","meta":[],"product_brand":[],"product_cat":[75],"product_tag":[],"class_list":{"0":"post-2339","1":"product","2":"type-product","3":"status-publish","4":"has-post-thumbnail","6":"product_cat-masszazs","8":"first","9":"instock","10":"shipping-taxable","11":"purchasable","12":"product-type-variable","13":"has-default-attributes"},"_links":{"self":[{"href":"https:\/\/gordiuszmasszazs.hu\/en\/wp-json\/wp\/v2\/product\/2339","targetHints":{"allow":["GET"]}}],"collection":[{"href":"https:\/\/gordiuszmasszazs.hu\/en\/wp-json\/wp\/v2\/product"}],"about":[{"href":"https:\/\/gordiuszmasszazs.hu\/en\/wp-json\/wp\/v2\/types\/product"}],"replies":[{"embeddable":true,"href":"https:\/\/gordiuszmasszazs.hu\/en\/wp-json\/wp\/v2\/comments?post=2339"}],"wp:featuredmedia":[{"embeddable":true,"href":"https:\/\/gordiuszmasszazs.hu\/en\/wp-json\/wp\/v2\/media\/22961"}],"wp:attachment":[{"href":"https:\/\/gordiuszmasszazs.hu\/en\/wp-json\/wp\/v2\/media?parent=2339"}],"wp:term":[{"taxonomy":"product_brand","embeddable":true,"href":"https:\/\/gordiuszmasszazs.hu\/en\/wp-json\/wp\/v2\/product_brand?post=2339"},{"taxonomy":"product_cat","embeddable":true,"href":"https:\/\/gordiuszmasszazs.hu\/en\/wp-json\/wp\/v2\/product_cat?post=2339"},{"taxonomy":"product_tag","embeddable":true,"href":"https:\/\/gordiuszmasszazs.hu\/en\/wp-json\/wp\/v2\/product_tag?post=2339"}],"curies":[{"name":"wp","href":"https:\/\/api.w.org\/{rel}","templated":true}]}}