

{"id":2338,"date":"2025-10-24T11:55:55","date_gmt":"2025-10-24T09:55:55","guid":{"rendered":"https:\/\/gordiuszmasszazs.hu\/?post_type=product&#038;p=2338"},"modified":"2026-01-31T09:36:13","modified_gmt":"2026-01-31T08:36:13","slug":"kopoly","status":"publish","type":"product","link":"https:\/\/gordiuszmasszazs.hu\/en\/product\/kopoly\/","title":{"rendered":"Cupping"},"content":{"rendered":"<p class=\"my-0\">A k\u00f6p\u00f6ly\u00f6z\u00e9s sz\u00e1mos j\u00f3t\u00e9kony hat\u00e1ssal b\u00edr az eg\u00e9szs\u00e9gre \u00e9s a k\u00f6z\u00e9rzetre. Ez a hagyom\u00e1nyos gy\u00f3gym\u00f3d els\u0151sorban a v\u00e9rkering\u00e9s fokoz\u00e1s\u00e1val fejti ki pozit\u00edv hat\u00e1s\u00e1t. A kezel\u00e9s sor\u00e1n l\u00e9trehozott v\u00e1kuum hat\u00e1s\u00e1ra jelent\u0151sen megn\u0151 a helyi v\u00e9rkering\u00e9s, ami t\u00f6bb oxig\u00e9nt \u00e9s t\u00e1panyagot juttat a sz\u00f6vetekbe, el\u0151seg\u00edtve azok regener\u00e1ci\u00f3j\u00e1t.<\/p>\n<p class=\"my-0\">A k\u00f6p\u00f6ly kiv\u00e1l\u00f3 eszk\u00f6z az izmok ellaz\u00edt\u00e1s\u00e1ra \u00e9s a f\u00e1jdalom csillap\u00edt\u00e1s\u00e1ra. Seg\u00edt oldani az izommerevs\u00e9get, enyh\u00edti az izomf\u00e1jdalmakat \u00e9s az \u00edz\u00fcleti probl\u00e9m\u00e1kat<span class=\"whitespace-nowrap\">.<\/span> Emellett hat\u00e9konyan cs\u00f6kkenti a gyullad\u00e1sokat, k\u00fcl\u00f6n\u00f6sen az \u00edz\u00fcletek \u00e9s izmok ter\u00fclet\u00e9n.<\/p>","protected":false},"excerpt":{"rendered":"<p>Gumi, vagy \u00fcveg k\u00f6p\u00f6llyel v\u00e9gzett m\u00e9lysz\u00f6veti massz\u00e1zs<\/p>","protected":false},"featured_media":22965,"comment_status":"closed","ping_status":"closed","template":"","meta":[],"product_brand":[],"product_cat":[75],"product_tag":[],"class_list":{"0":"post-2338","1":"product","2":"type-product","3":"status-publish","4":"has-post-thumbnail","6":"product_cat-masszazs","8":"first","9":"instock","10":"shipping-taxable","11":"purchasable","12":"product-type-variable","13":"has-default-attributes"},"_links":{"self":[{"href":"https:\/\/gordiuszmasszazs.hu\/en\/wp-json\/wp\/v2\/product\/2338","targetHints":{"allow":["GET"]}}],"collection":[{"href":"https:\/\/gordiuszmasszazs.hu\/en\/wp-json\/wp\/v2\/product"}],"about":[{"href":"https:\/\/gordiuszmasszazs.hu\/en\/wp-json\/wp\/v2\/types\/product"}],"replies":[{"embeddable":true,"href":"https:\/\/gordiuszmasszazs.hu\/en\/wp-json\/wp\/v2\/comments?post=2338"}],"wp:featuredmedia":[{"embeddable":true,"href":"https:\/\/gordiuszmasszazs.hu\/en\/wp-json\/wp\/v2\/media\/22965"}],"wp:attachment":[{"href":"https:\/\/gordiuszmasszazs.hu\/en\/wp-json\/wp\/v2\/media?parent=2338"}],"wp:term":[{"taxonomy":"product_brand","embeddable":true,"href":"https:\/\/gordiuszmasszazs.hu\/en\/wp-json\/wp\/v2\/product_brand?post=2338"},{"taxonomy":"product_cat","embeddable":true,"href":"https:\/\/gordiuszmasszazs.hu\/en\/wp-json\/wp\/v2\/product_cat?post=2338"},{"taxonomy":"product_tag","embeddable":true,"href":"https:\/\/gordiuszmasszazs.hu\/en\/wp-json\/wp\/v2\/product_tag?post=2338"}],"curies":[{"name":"wp","href":"https:\/\/api.w.org\/{rel}","templated":true}]}}