

{"id":2337,"date":"2025-02-12T09:36:51","date_gmt":"2025-02-12T08:36:51","guid":{"rendered":"https:\/\/gordiuszmasszazs.hu\/?post_type=product&#038;p=2337"},"modified":"2026-01-22T17:53:16","modified_gmt":"2026-01-22T16:53:16","slug":"gepi-nyirok-masszazs","status":"publish","type":"product","link":"https:\/\/gordiuszmasszazs.hu\/en\/product\/gepi-nyirok-masszazs\/","title":{"rendered":"Wave massage"},"content":{"rendered":"<p style=\"text-align: center;\">A hull\u00e1mmassz\u00e1zs egy g\u00e9pi kompresszi\u00f3s elj\u00e1r\u00e1s, melynek sor\u00e1n a v\u00e9gtagokra \u00e9s a testre p\u00e1rn\u00e1s kezel\u0151fel\u00fcleteket helyeznek fel. A g\u00e9pi vez\u00e9rl\u00e9s hat\u00e1s\u00e1ra felv\u00e1ltva, egym\u00e1s ut\u00e1n telnek meg a kezel\u0151fel\u00fcletek l\u00e9gkamr\u00e1i, \u00edgy j\u00f6n l\u00e9tre a hull\u00e1mszer\u0171 massz\u00e1zs, mely ritmikusan v\u00e1ltakoz\u00f3 nyom\u00e1shull\u00e1mokat id\u00e9z el\u0151 a l\u00e1bakt\u00f3l a sz\u00edv ir\u00e1ny\u00e1ba. Milyen probl\u00e9m\u00e1k eset\u00e9n aj\u00e1nlott? -cellulit ellen (feszes\u00edti, m\u00e9regtelen\u00edti a testet, \u00e9s cs\u00f6kkenti a narancsb\u0151rt) -fokozza a nyirok-\u00e9s v\u00e9rkering\u00e9st -serkenti a szervezetben lezajl\u00f3 m\u00e9regtelen\u00edt\u0151 folyamatokat -visszerek kezel\u00e9se -fogy\u00f3k\u00far\u00e1z\u00f3k kieg\u00e9sz\u00edt\u0151 kezel\u00e9sek\u00e9nt -neh\u00e9z l\u00e1b \u00e9rz\u00e9sekor -k\u00f6t\u0151sz\u00f6vet feszess\u00e9g\u00e9nek helyre\u00e1ll\u00edt\u00e1sa<br \/>\n(Helyes t\u00e1pl\u00e1lkoz\u00e1s \u00e9s rendszeres mozg\u00e1s mellett tart\u00f3sabb lesz az eredm\u00e9ny!)<\/p>\n<p><strong>Aj\u00e1nlott kezel\u00e9si ciklus: \u00f6sszesen legal\u00e1bb 5-10 alkalom \u00e9s heti rendszeress\u00e9g<\/strong><\/p>","protected":false},"excerpt":{"rendered":"<p>G\u00e9pi nyirok massz\u00e1zs<\/p>","protected":false},"featured_media":22970,"comment_status":"open","ping_status":"closed","template":"","meta":[],"product_brand":[],"product_cat":[75],"product_tag":[],"class_list":{"0":"post-2337","1":"product","2":"type-product","3":"status-publish","4":"has-post-thumbnail","6":"product_cat-masszazs","8":"first","9":"instock","10":"shipping-taxable","11":"purchasable","12":"product-type-variable","13":"has-default-attributes"},"_links":{"self":[{"href":"https:\/\/gordiuszmasszazs.hu\/en\/wp-json\/wp\/v2\/product\/2337","targetHints":{"allow":["GET"]}}],"collection":[{"href":"https:\/\/gordiuszmasszazs.hu\/en\/wp-json\/wp\/v2\/product"}],"about":[{"href":"https:\/\/gordiuszmasszazs.hu\/en\/wp-json\/wp\/v2\/types\/product"}],"replies":[{"embeddable":true,"href":"https:\/\/gordiuszmasszazs.hu\/en\/wp-json\/wp\/v2\/comments?post=2337"}],"wp:featuredmedia":[{"embeddable":true,"href":"https:\/\/gordiuszmasszazs.hu\/en\/wp-json\/wp\/v2\/media\/22970"}],"wp:attachment":[{"href":"https:\/\/gordiuszmasszazs.hu\/en\/wp-json\/wp\/v2\/media?parent=2337"}],"wp:term":[{"taxonomy":"product_brand","embeddable":true,"href":"https:\/\/gordiuszmasszazs.hu\/en\/wp-json\/wp\/v2\/product_brand?post=2337"},{"taxonomy":"product_cat","embeddable":true,"href":"https:\/\/gordiuszmasszazs.hu\/en\/wp-json\/wp\/v2\/product_cat?post=2337"},{"taxonomy":"product_tag","embeddable":true,"href":"https:\/\/gordiuszmasszazs.hu\/en\/wp-json\/wp\/v2\/product_tag?post=2337"}],"curies":[{"name":"wp","href":"https:\/\/api.w.org\/{rel}","templated":true}]}}