

{"id":17533,"date":"2025-09-22T23:56:03","date_gmt":"2025-09-22T21:56:03","guid":{"rendered":"https:\/\/gordiuszmasszazs.hu\/?post_type=product&#038;p=17533"},"modified":"2026-01-31T10:02:40","modified_gmt":"2026-01-31T09:02:40","slug":"gyuras_berlet","status":"publish","type":"product","link":"https:\/\/gordiuszmasszazs.hu\/en\/product\/gyuras_berlet\/","title":{"rendered":"Kneading-Rental"},"content":{"rendered":"<p>30-60-90 perces, 4 alkalmas, gy\u00far\u00e1s-izomlaz\u00edt\u00e1s massz\u00e1zs b\u00e9rlet<\/p>","protected":false},"excerpt":{"rendered":"<p>Gy\u00far\u00e1s-Izomlaz\u00edt\u00e1s B\u00e9rlet<\/p>","protected":false},"featured_media":22917,"comment_status":"open","ping_status":"closed","template":"","meta":[],"product_brand":[],"product_cat":[198],"product_tag":[224],"class_list":{"0":"post-17533","1":"product","2":"type-product","3":"status-publish","4":"has-post-thumbnail","6":"product_cat-berletek","7":"product_tag-berlet","9":"first","10":"instock","11":"shipping-taxable","12":"purchasable","13":"product-type-variable"},"_links":{"self":[{"href":"https:\/\/gordiuszmasszazs.hu\/en\/wp-json\/wp\/v2\/product\/17533","targetHints":{"allow":["GET"]}}],"collection":[{"href":"https:\/\/gordiuszmasszazs.hu\/en\/wp-json\/wp\/v2\/product"}],"about":[{"href":"https:\/\/gordiuszmasszazs.hu\/en\/wp-json\/wp\/v2\/types\/product"}],"replies":[{"embeddable":true,"href":"https:\/\/gordiuszmasszazs.hu\/en\/wp-json\/wp\/v2\/comments?post=17533"}],"wp:featuredmedia":[{"embeddable":true,"href":"https:\/\/gordiuszmasszazs.hu\/en\/wp-json\/wp\/v2\/media\/22917"}],"wp:attachment":[{"href":"https:\/\/gordiuszmasszazs.hu\/en\/wp-json\/wp\/v2\/media?parent=17533"}],"wp:term":[{"taxonomy":"product_brand","embeddable":true,"href":"https:\/\/gordiuszmasszazs.hu\/en\/wp-json\/wp\/v2\/product_brand?post=17533"},{"taxonomy":"product_cat","embeddable":true,"href":"https:\/\/gordiuszmasszazs.hu\/en\/wp-json\/wp\/v2\/product_cat?post=17533"},{"taxonomy":"product_tag","embeddable":true,"href":"https:\/\/gordiuszmasszazs.hu\/en\/wp-json\/wp\/v2\/product_tag?post=17533"}],"curies":[{"name":"wp","href":"https:\/\/api.w.org\/{rel}","templated":true}]}}