

{"id":4065,"date":"2025-08-14T08:50:41","date_gmt":"2025-08-14T06:50:41","guid":{"rendered":"https:\/\/gordiuszmasszazs.hu\/?page_id=4065"},"modified":"2025-12-15T16:03:12","modified_gmt":"2025-12-15T15:03:12","slug":"adatkezelesi-szabalyzat","status":"publish","type":"page","link":"https:\/\/gordiuszmasszazs.hu\/en\/adatkezelesi-szabalyzat\/","title":{"rendered":"Data processing policy"},"content":{"rendered":"<p>&lt;BR&gt;<\/p>\n<p>&lt;BR&gt;<\/p>\n<p><strong>Az adatkezel\u0151 neve, el\u00e9rhet\u0151s\u00e9ge<\/strong><\/p>\n<p>C\u00e9gn\u00e9v:\u00a0\u00a0\u00a0 M\u00e9sz\u00e1ros P\u00e9ter EV.<br \/>\nSz\u00e9khely: 6722 szeged, Nemes Tak\u00e1cs u. 3-7\/c fsz. 30.<br \/>\nAd\u00f3sz\u00e1m: 66692171-1-26<br \/>\nElektronikus el\u00e9rhet\u0151s\u00e9g: info@gordiuszmasszazs.hu<br \/>\nTelefonos el\u00e9rhet\u0151s\u00e9g: +3630-527-8626<\/p>\n<p><strong>Az adatkezel\u00e9ssel \u00e9rintettek k\u00f6re<\/strong><\/p>\n<p>Az adatkezel\u00e9ssel kiz\u00e1r\u00f3lag azok a term\u00e9szetes szem\u00e9lyek, jogi szem\u00e9lyek, vagy jogi szem\u00e9lyis\u00e9ggel nem rendelkez\u0151 szervezetek \u00e9rintettek, akik vagy amelyek jelen honlap \u00a0ig\u00e9nybev\u00e9tel\u00e9vel, illetve megrendel\u0151k\u00e9nt \u00f6nk\u00e9ntesen adatot szolg\u00e1ltatnak.<\/p>\n<p><strong>A kezelt adatok k\u00f6re<\/strong><\/p>\n<p>Megrendel\u00e9sn\u00e9l: \u00a0sz\u00e1ml\u00e1z\u00e1si n\u00e9v \u00e9s c\u00edm, \u00a0email c\u00edm, telefonsz\u00e1m, sz\u00e1ll\u00edt\u00e1si c\u00edm rendel\u00e9ssz\u00e1m \u00e9s id\u0151pont<\/p>\n<p><strong>Az adatkezel\u00e9s c\u00e9lja<\/strong><\/p>\n<p>Az adatkezel\u00e9s c\u00e9lja a megrendel\u00e9s eset\u00e9n az adatkezel\u0151 \u00e9s az adatkezel\u00e9ssel \u00e9rintett k\u00f6z\u00f6tti \u00fcgyf\u00e9lkapcsolat egyszer\u0171s\u00edt\u00e9se, a felek k\u00f6z\u00f6tt ennek sor\u00e1n l\u00e9trej\u00f6tt szerz\u0151d\u00e9s teljes\u00edthet\u0151s\u00e9g\u00e9nek biztos\u00edt\u00e1sa.<\/p>\n<p><strong>Az adatkezel\u00e9s ideje<\/strong><\/p>\n<p>Az adatkezel\u00e9s addig tart, am\u00edg az adatkezel\u00e9ssel \u00e9rintett az adatok t\u00f6rl\u00e9s\u00e9t az adatkezel\u0151t\u0151l nem k\u00e9ri. A v\u00e1s\u00e1rl\u00e1s folyam\u00e1n k\u00e9sz\u00fclt sz\u00e1mla az \u00fcgyf\u00e9l \u00e1ltal a regisztr\u00e1ci\u00f3 sor\u00e1n megadott \u00e9s r\u00f6gz\u00edtett adatokkal a hat\u00e1lyos sz\u00e1mviteli t\u00f6rv\u00e9nyben meghat\u00e1rozott id\u0151szakra t\u00e1rol\u00e1sra ker\u00fcl.<\/p>\n<p><strong>Az adatkezel\u00e9s m\u00f3dja<\/strong><\/p>\n<p>Az adatkezel\u00e9ssel \u00e9rintett \u00e1ltal megadott adatokat az adatkezel\u0151 harmadik szem\u00e9ly r\u00e9sz\u00e9re nem tov\u00e1bb\u00edtja, azokat kiz\u00e1r\u00f3lag az adatkezel\u0151, valamint megrendel\u00e9s eset\u00e9n a szerz\u0151d\u00e9s teljes\u00edt\u00e9s\u00e9hez sz\u00fcks\u00e9ges m\u00e9rt\u00e9kben (n\u00e9v, c\u00edm), a megrendel\u0151 v\u00e1laszt\u00e1sa szerint a kisz\u00e1ll\u00edt\u00e1st v\u00e9gz\u0151 szolg\u00e1ltat\u00f3 ismerheti meg.<\/p>\n<p>Ezen korl\u00e1toz\u00e1s nem vonatkozik a t\u00f6rv\u00e9ny \u00e1ltal megengedett, vagy k\u00f6telez\u0151v\u00e9 tett adattov\u00e1bb\u00edt\u00e1sra.<\/p>\n<p><strong>Az adatkezel\u00e9ssel \u00e9rintett jogai, jogorvoslati lehet\u0151s\u00e9gei<\/strong><\/p>\n<p>Az adatkezel\u00e9ssel \u00e9rintett:<\/p>\n<ul>\n<li>t\u00e1j\u00e9koztat\u00e1st k\u00e9rhet szem\u00e9lyes adatai kezel\u00e9s\u00e9r\u0151l,<\/li>\n<li>k\u00e9rheti szem\u00e9lyes adatainak helyesb\u00edt\u00e9s\u00e9t,<\/li>\n<li>k\u00e9rheti szem\u00e9lyes adatainak t\u00f6rl\u00e9s\u00e9t,<\/li>\n<li>tiltakozhat szem\u00e9lyes adat\u00e1nak kezel\u00e9se ellen,<\/li>\n<li>jogainak megs\u00e9rt\u00e9se eset\u00e9n b\u00edr\u00f3s\u00e1ghoz fordulhat.<\/li>\n<\/ul>\n<p>Az \u00e9rintett t\u00e1j\u00e9koztat\u00e1s\u00e1t az adatkezel\u0151 csak a T\u00f6rv\u00e9ny 9. \u00a7 (1) bekezd\u00e9s\u00e9ben, valamint a 19. \u00a7-ban meghat\u00e1rozott esetekben tagadhatja meg.<\/p>\n<ol start=\"1200\">\n<li>a) Az adatkezel\u00e9ssel \u00e9rintett k\u00e9relm\u00e9re az adatkezel\u0151 t\u00e1j\u00e9koztat\u00e1st ad az \u00e1ltala kezelt, illet\u0151leg az \u00e1ltala megb\u00edzott feldolgoz\u00f3 \u00e1ltal feldolgozott adatair\u00f3l, az adatkezel\u00e9s c\u00e9lj\u00e1r\u00f3l, jogalapj\u00e1r\u00f3l, id\u0151tartam\u00e1r\u00f3l, az adatfeldolgoz\u00f3 nev\u00e9r\u0151l, c\u00edm\u00e9r\u0151l \u00e9s az adatkezel\u00e9ssel \u00f6sszef\u00fcgg\u0151 tev\u00e9kenys\u00e9g\u00e9r\u0151l, tov\u00e1bb\u00e1 arr\u00f3l, hogy kik \u00e9s milyen c\u00e9lb\u00f3l kapj\u00e1k, vagy kapt\u00e1k meg az adatokat. Az adatkezel\u0151 erre vonatkoz\u00f3 k\u00e9relem eset\u00e9n 30 napon bel\u00fcl \u00edr\u00e1sban k\u00f6teles megadni a t\u00e1j\u00e9koztat\u00e1st, melyre \u00e9vente egyszer ingyenesen, azon fel\u00fcli esetekben pedig 1200.-Ft k\u00f6lts\u00e9gt\u00e9r\u00edt\u00e9s ellen\u00e9ben ker\u00fclhet sor.<\/li>\n<li>b) A val\u00f3s\u00e1gnak meg nem felel\u0151 szem\u00e9lyes adatot az adatkezel\u0151 helyesb\u00edteni k\u00f6teles.<\/li>\n<li>c) A szem\u00e9lyes adatot t\u00f6r\u00f6lni kell, ha<\/li>\n<\/ol>\n<ul>\n<li>kezel\u00e9se jogellenes,<\/li>\n<li>az adatkezel\u00e9ssel \u00e9rintett az adatok t\u00f6rl\u00e9s\u00e9t k\u00e9ri,<\/li>\n<li>az hi\u00e1nyos vagy t\u00e9ves \u2013 \u00e9s ez az \u00e1llapot jogszer\u0171en nem korrig\u00e1lhat\u00f3 \u2013, felt\u00e9ve, hogy a t\u00f6rl\u00e9st t\u00f6rv\u00e9ny nem z\u00e1rja ki,<\/li>\n<li>az adatkezel\u00e9s c\u00e9lja megsz\u0171nt, az adatok t\u00e1rol\u00e1s\u00e1nak t\u00f6rv\u00e9nyben meghat\u00e1rozott hat\u00e1rideje lej\u00e1rt,<\/li>\n<li>a t\u00f6rl\u00e9st a b\u00edr\u00f3s\u00e1g vagy a Nemzeti Adatv\u00e9delmi \u00e9s Inform\u00e1ci\u00f3szabads\u00e1g Hat\u00f3s\u00e1g elrendelte.<\/li>\n<\/ul>\n<ol start=\"21\">\n<li>d) Az adatkezel\u00e9ssel \u00e9rintett a T\u00f6rv\u00e9ny 21. \u00a7-\u00e1ban meghat\u00e1rozott okokb\u00f3l tiltakozhat szem\u00e9lyes adat\u00e1nak kezel\u00e9se ellen. Ebben az esetben az adatkezel\u0151 a k\u00e9relem beny\u00fajt\u00e1s\u00e1t\u00f3l sz\u00e1m\u00edtott 15 nap alatt k\u00f6teles a tiltakoz\u00e1st megvizsg\u00e1lni, \u00e9s annak eredm\u00e9ny\u00e9r\u0151l a k\u00e9relmez\u0151t \u00edr\u00e1sban t\u00e1j\u00e9koztatni. Ha az \u00e9rintett az adatkezel\u0151nek a d\u00f6nt\u00e9s\u00e9vel nem \u00e9rt egyet, illetve ha az adatkezel\u0151 a hat\u00e1rid\u0151t elmulasztja, az \u00e9rintett \u2013 a d\u00f6nt\u00e9s k\u00f6zl\u00e9s\u00e9t\u0151l, illetve a hat\u00e1rid\u0151 utols\u00f3 napj\u00e1t\u00f3l sz\u00e1m\u00edtott 30 napon bel\u00fcl b\u00edr\u00f3s\u00e1ghoz fordulhat.<\/li>\n<li>e) Az adatkezel\u00e9ssel \u00e9rintett jogainak megs\u00e9rt\u00e9se eset\u00e9n b\u00edr\u00f3s\u00e1ghoz fordulhat a T\u00f6rv\u00e9ny 22.\u00a7-\u00e1ban meghat\u00e1rozottak szerint.<br \/>\nJogorvoslati lehet\u0151s\u00e9ggel, panasszal a Nemzeti Adatv\u00e9delmi \u00e9s Inform\u00e1ci\u00f3szabads\u00e1g Hat\u00f3s\u00e1gn\u00e1l lehet \u00e9lni:<br \/>\nN\u00e9v: Nemzeti Adatv\u00e9delmi \u00e9s Inform\u00e1ci\u00f3szabads\u00e1g Hat\u00f3s\u00e1g<br \/>\nSz\u00e9khely: 1024 Budapest, Szil\u00e1gyi Erzs\u00e9bet fasor 22\/C.<br \/>\nHonlap: www.naih.hu<br \/>\nTelefon:+36(1)391-1400<br \/>\ne-mail: ugyfelszolgalat@naih.hu<\/li>\n<\/ol>","protected":false},"excerpt":{"rendered":"<p>&lt;BR&gt; &lt;BR&gt; Az adatkezel\u0151 neve, el\u00e9rhet\u0151s\u00e9ge C\u00e9gn\u00e9v:\u00a0\u00a0\u00a0 M\u00e9sz\u00e1ros P\u00e9ter EV. Sz\u00e9khely: 6722 szeged, Nemes Tak\u00e1cs u. 3-7\/c fsz. 30. Ad\u00f3sz\u00e1m: 66692171-1-26 Elektronikus el\u00e9rhet\u0151s\u00e9g: info@gordiuszmasszazs.hu Telefonos el\u00e9rhet\u0151s\u00e9g: +3630-527-8626 Az adatkezel\u00e9ssel \u00e9rintettek&hellip;<\/p>","protected":false},"author":1,"featured_media":0,"parent":0,"menu_order":0,"comment_status":"closed","ping_status":"closed","template":"","meta":{"footnotes":""},"class_list":["post-4065","page","type-page","status-publish","hentry"],"_links":{"self":[{"href":"https:\/\/gordiuszmasszazs.hu\/en\/wp-json\/wp\/v2\/pages\/4065","targetHints":{"allow":["GET"]}}],"collection":[{"href":"https:\/\/gordiuszmasszazs.hu\/en\/wp-json\/wp\/v2\/pages"}],"about":[{"href":"https:\/\/gordiuszmasszazs.hu\/en\/wp-json\/wp\/v2\/types\/page"}],"author":[{"embeddable":true,"href":"https:\/\/gordiuszmasszazs.hu\/en\/wp-json\/wp\/v2\/users\/1"}],"replies":[{"embeddable":true,"href":"https:\/\/gordiuszmasszazs.hu\/en\/wp-json\/wp\/v2\/comments?post=4065"}],"version-history":[{"count":9,"href":"https:\/\/gordiuszmasszazs.hu\/en\/wp-json\/wp\/v2\/pages\/4065\/revisions"}],"predecessor-version":[{"id":24442,"href":"https:\/\/gordiuszmasszazs.hu\/en\/wp-json\/wp\/v2\/pages\/4065\/revisions\/24442"}],"wp:attachment":[{"href":"https:\/\/gordiuszmasszazs.hu\/en\/wp-json\/wp\/v2\/media?parent=4065"}],"curies":[{"name":"wp","href":"https:\/\/api.w.org\/{rel}","templated":true}]}}