

{"id":4047,"date":"2025-05-27T13:28:19","date_gmt":"2025-05-27T11:28:19","guid":{"rendered":"https:\/\/gordiuszmasszazs.hu\/?page_id=4047"},"modified":"2025-10-24T21:32:52","modified_gmt":"2025-10-24T19:32:52","slug":"csapatunk","status":"publish","type":"page","link":"https:\/\/gordiuszmasszazs.hu\/en\/csapatunk\/","title":{"rendered":"Our team"},"content":{"rendered":"<div data-elementor-type=\"wp-page\" data-elementor-id=\"4047\" class=\"elementor elementor-4047\">\n\t\t\t\t\t\t<section class=\"elementor-section elementor-top-section elementor-element elementor-element-3cfdc38 elementor-section-boxed elementor-section-height-default elementor-section-height-default sc_fly_static\" data-id=\"3cfdc38\" data-element_type=\"section\" data-e-type=\"section\">\n\t\t\t\t\t\t<div class=\"elementor-container elementor-column-gap-extended\">\n\t\t\t\t\t<div class=\"elementor-column elementor-col-100 elementor-top-column elementor-element elementor-element-57f3237 sc_content_align_inherit sc_layouts_column_icons_position_left sc_fly_static\" data-id=\"57f3237\" data-element_type=\"column\" data-e-type=\"column\">\n\t\t\t<div class=\"elementor-widget-wrap elementor-element-populated\">\n\t\t\t\t\t\t<div class=\"elementor-element elementor-element-58b19fd sc_height_huge sc_fly_static elementor-widget elementor-widget-spacer\" data-id=\"58b19fd\" data-element_type=\"widget\" data-e-type=\"widget\" data-widget_type=\"spacer.default\">\n\t\t\t\t<div class=\"elementor-widget-container\">\n\t\t\t\t\t\t\t<div class=\"elementor-spacer\">\n\t\t\t<div class=\"elementor-spacer-inner\"><\/div>\n\t\t<\/div>\n\t\t\t\t\t\t<\/div>\n\t\t\t\t<\/div>\n\t\t\t\t<div class=\"elementor-element elementor-element-18a8315 sc_fly_static elementor-widget elementor-widget-trx_sc_team\" data-id=\"18a8315\" data-element_type=\"widget\" data-e-type=\"widget\" data-widget_type=\"trx_sc_team.default\">\n\t\t\t\t<div class=\"elementor-widget-container\">\n\t\t\t\t\t<div \t\tclass=\"sc_team sc_team_short\"><div class=\"sc_team_columns_wrap sc_item_columns sc_item_posts_container trx_addons_columns_wrap columns_padding_bottom columns_in_single_row\"><div class=\"trx_addons_column-1_3\"><div data-post-id=\"22374\" class=\"sc_team_item sc_item_container post_container no_links post-22374 cpt_team type-cpt_team status-publish has-post-thumbnail hentry cpt_team_group-experts cpt_team_group-professionals\">\n\t<div class=\"post_featured sc_team_item_thumb trx_addons_hover trx_addons_hover_style_info_anim\"><img fetchpriority=\"high\" decoding=\"async\" width=\"570\" height=\"696\" src=\"https:\/\/gordiuszmasszazs.hu\/wp-content\/uploads\/2025\/02\/Kriszti-570x696.jpeg\" class=\"attachment-jacqueline-thumb-rectangle size-jacqueline-thumb-rectangle wp-post-image\" alt=\"Kriszti szakk\u00e9pzett gy\u00f3gymassz\u0151r\" srcset=\"https:\/\/gordiuszmasszazs.hu\/wp-content\/uploads\/2025\/02\/Kriszti-570x696.jpeg 570w, https:\/\/gordiuszmasszazs.hu\/wp-content\/uploads\/2025\/02\/Kriszti-9x12.jpeg 9w\" sizes=\"(max-width: 600px) 100vw, 570px\" \/><div class=\"trx_addons_hover_team\"><div class=\"sc_team_item_socials socials_wrap trx_addons_hover_info\"><a target=\"_blank\" href=\"https:\/\/facebook.com\/gordiuszmasszazs\/\" class=\"social_item social_item_style_icons sc_icon_type_icons social_item_type_icons\" rel=\"noopener\"><span class=\"social_icon social_icon_facebook-1\" style=\"\"><span class=\"icon-facebook-1\"><\/span><\/span><\/a><a target=\"_blank\" href=\"https:\/\/www.instagram.com\/gordiusz-masszazs-szeged\/\" class=\"social_item social_item_style_icons sc_icon_type_icons social_item_type_icons\" rel=\"noopener\"><span class=\"social_icon social_icon_instagram\" style=\"\"><span class=\"icon-instagram\"><\/span><\/span><\/a><\/div><\/div><a class=\"post_link sc_team_item_link\" href=\"https:\/\/gordiuszmasszazs.hu\/en\/team\/laura\/\"><\/a><div class=\"trx_addons_hover_mask\"><\/div><\/div>\t<div class=\"sc_team_item_info\">\n\t\t<div class=\"sc_team_item_header\">\n\t\t\t<h4 class=\"sc_team_item_title entry-title\"><a href=\"https:\/\/gordiuszmasszazs.hu\/en\/team\/laura\/\">Kriszti<\/a><\/h4>\n\t\t\t<div class=\"sc_team_item_subtitle\">Szakk\u00e9pzett Gy\u00f3gymassz\u00f6r<\/div>\t\t<\/div>\n\t<\/div>\n<\/div>\n<\/div><div class=\"trx_addons_column-1_3\"><div data-post-id=\"22369\" class=\"sc_team_item sc_item_container post_container no_links post-22369 cpt_team type-cpt_team status-publish has-post-thumbnail hentry cpt_team_group-experts cpt_team_group-professionals\">\n\t<div class=\"post_featured sc_team_item_thumb trx_addons_hover trx_addons_hover_style_info_anim\"><img decoding=\"async\" width=\"570\" height=\"696\" src=\"https:\/\/gordiuszmasszazs.hu\/wp-content\/uploads\/2025\/02\/Messenger_creation_A0980F90-1BFD-43A2-A3E8-752FD3280A4D-570x696.jpeg\" class=\"attachment-jacqueline-thumb-rectangle size-jacqueline-thumb-rectangle wp-post-image\" alt=\"Szakk\u00e9pzett Gy\u00f3gymassz\u0151r\" srcset=\"https:\/\/gordiuszmasszazs.hu\/wp-content\/uploads\/2025\/02\/Messenger_creation_A0980F90-1BFD-43A2-A3E8-752FD3280A4D-570x696.jpeg 570w, https:\/\/gordiuszmasszazs.hu\/wp-content\/uploads\/2025\/02\/Messenger_creation_A0980F90-1BFD-43A2-A3E8-752FD3280A4D-9x12.jpeg 9w\" sizes=\"(max-width: 600px) 100vw, 570px\" \/><div class=\"trx_addons_hover_team\"><div class=\"sc_team_item_socials socials_wrap trx_addons_hover_info\"><a target=\"_blank\" href=\"https:\/\/facebook.com\/gordiuszmasszazs\" class=\"social_item social_item_style_icons sc_icon_type_icons social_item_type_icons\" rel=\"noopener\"><span class=\"social_icon social_icon_facebook-1\" style=\"\"><span class=\"icon-facebook-1\"><\/span><\/span><\/a><a target=\"_blank\" href=\"https:\/\/www.instagram.com\/gordiusz_masszazs_szalon\" class=\"social_item social_item_style_icons sc_icon_type_icons social_item_type_icons\" rel=\"noopener\"><span class=\"social_icon social_icon_instagram\" style=\"\"><span class=\"icon-instagram\"><\/span><\/span><\/a><\/div><\/div><a class=\"post_link sc_team_item_link\" href=\"https:\/\/gordiuszmasszazs.hu\/en\/team\/julcsi\/\"><\/a><div class=\"trx_addons_hover_mask\"><\/div><\/div>\t<div class=\"sc_team_item_info\">\n\t\t<div class=\"sc_team_item_header\">\n\t\t\t<h4 class=\"sc_team_item_title entry-title\"><a href=\"https:\/\/gordiuszmasszazs.hu\/en\/team\/julcsi\/\">Julcsi<\/a><\/h4>\n\t\t\t<div class=\"sc_team_item_subtitle\">Szakk\u00e9pzett Gy\u00f3gymassz\u0151r<\/div>\t\t<\/div>\n\t<\/div>\n<\/div>\n<\/div><div class=\"trx_addons_column-1_3\"><div data-post-id=\"22358\" class=\"sc_team_item sc_item_container post_container no_links post-22358 cpt_team type-cpt_team status-publish has-post-thumbnail hentry cpt_team_group-experts cpt_team_group-professionals\">\n\t<div class=\"post_featured sc_team_item_thumb trx_addons_hover trx_addons_hover_style_info_anim\"><img decoding=\"async\" width=\"570\" height=\"696\" src=\"https:\/\/gordiuszmasszazs.hu\/wp-content\/uploads\/2024\/05\/team7-copyright-570x696.jpg\" class=\"attachment-jacqueline-thumb-rectangle size-jacqueline-thumb-rectangle wp-post-image\" alt=\"\" \/><div class=\"trx_addons_hover_team\"><div class=\"sc_team_item_socials socials_wrap trx_addons_hover_info\"><a target=\"_blank\" href=\"https:\/\/facebook.com\/gordiuszmasszazs\" class=\"social_item social_item_style_icons sc_icon_type_icons social_item_type_icons\" rel=\"noopener\"><span class=\"social_icon social_icon_facebook-1\" style=\"\"><span class=\"icon-facebook-1\"><\/span><\/span><\/a><a target=\"_blank\" href=\"https:\/\/www.instagram.com\/gordiusz_masszazs_szalon\" class=\"social_item social_item_style_icons sc_icon_type_icons social_item_type_icons\" rel=\"noopener\"><span class=\"social_icon social_icon_twitter-x\" style=\"\"><span class=\"trx_addons_icon-twitter-x\"><\/span><\/span><\/a><a target=\"_blank\" href=\"https:\/\/dribbble.com\/ThemeREX\" class=\"social_item social_item_style_icons sc_icon_type_icons social_item_type_icons\" rel=\"noopener\"><span class=\"social_icon social_icon_dribbble-1\" style=\"\"><span class=\"icon-dribbble-1\"><\/span><\/span><\/a><a target=\"_blank\" href=\"https:\/\/www.instagram.com\/themerex_net\/\" class=\"social_item social_item_style_icons sc_icon_type_icons social_item_type_icons\" rel=\"noopener\"><span class=\"social_icon social_icon_instagram\" style=\"\"><span class=\"icon-instagram\"><\/span><\/span><\/a><\/div><\/div><a class=\"post_link sc_team_item_link\" href=\"https:\/\/gordiuszmasszazs.hu\/en\/team\/masszazs\/\"><\/a><div class=\"trx_addons_hover_mask\"><\/div><\/div>\t<div class=\"sc_team_item_info\">\n\t\t<div class=\"sc_team_item_header\">\n\t\t\t<h4 class=\"sc_team_item_title entry-title\"><a href=\"https:\/\/gordiuszmasszazs.hu\/en\/team\/masszazs\/\">Ez itt a TE helyed!<\/a><\/h4>\n\t\t\t<div class=\"sc_team_item_subtitle\">Szakk\u00e9pzett Gy\u00f3gymassz\u0151r<\/div>\t\t<\/div>\n\t<\/div>\n<\/div>\n<\/div><\/div><\/div>\t\t\t\t<\/div>\n\t\t\t\t<\/div>\n\t\t\t\t<div class=\"elementor-element elementor-element-262b4ca sc_height_huge sc_fly_static elementor-widget elementor-widget-spacer\" data-id=\"262b4ca\" data-element_type=\"widget\" data-e-type=\"widget\" data-widget_type=\"spacer.default\">\n\t\t\t\t<div class=\"elementor-widget-container\">\n\t\t\t\t\t\t\t<div class=\"elementor-spacer\">\n\t\t\t<div class=\"elementor-spacer-inner\"><\/div>\n\t\t<\/div>\n\t\t\t\t\t\t<\/div>\n\t\t\t\t<\/div>\n\t\t\t\t\t<\/div>\n\t\t<\/div>\n\t\t\t\t\t<\/div>\n\t\t<\/section>\n\t\t\t\t<section class=\"elementor-section elementor-top-section elementor-element elementor-element-44e7c86c scheme_dark elementor-section-boxed elementor-section-height-default elementor-section-height-default sc_fly_static\" data-id=\"44e7c86c\" data-element_type=\"section\" data-e-type=\"section\" data-settings=\"{&quot;background_background&quot;:&quot;classic&quot;}\">\n\t\t\t\t\t\t<div class=\"elementor-container elementor-column-gap-extended\">\n\t\t\t\t\t<div class=\"elementor-column elementor-col-100 elementor-top-column elementor-element elementor-element-48d3151a sc_content_align_inherit sc_layouts_column_icons_position_left sc_fly_static\" data-id=\"48d3151a\" data-element_type=\"column\" data-e-type=\"column\">\n\t\t\t<div class=\"elementor-widget-wrap elementor-element-populated\">\n\t\t\t\t\t\t<div class=\"elementor-element elementor-element-3fc965c1 sc_height_huge sc_fly_static elementor-widget elementor-widget-spacer\" data-id=\"3fc965c1\" data-element_type=\"widget\" data-e-type=\"widget\" data-widget_type=\"spacer.default\">\n\t\t\t\t<div class=\"elementor-widget-container\">\n\t\t\t\t\t\t\t<div class=\"elementor-spacer\">\n\t\t\t<div class=\"elementor-spacer-inner\"><\/div>\n\t\t<\/div>\n\t\t\t\t\t\t<\/div>\n\t\t\t\t<\/div>\n\t\t\t\t<div class=\"elementor-element elementor-element-643404dc sc_height_medium sc_fly_static elementor-widget elementor-widget-spacer\" data-id=\"643404dc\" data-element_type=\"widget\" data-e-type=\"widget\" data-widget_type=\"spacer.default\">\n\t\t\t\t<div class=\"elementor-widget-container\">\n\t\t\t\t\t\t\t<div class=\"elementor-spacer\">\n\t\t\t<div class=\"elementor-spacer-inner\"><\/div>\n\t\t<\/div>\n\t\t\t\t\t\t<\/div>\n\t\t\t\t<\/div>\n\t\t\t\t<div class=\"elementor-element elementor-element-1f064350 sc_fly_static elementor-widget elementor-widget-spacer\" data-id=\"1f064350\" data-element_type=\"widget\" data-e-type=\"widget\" data-widget_type=\"spacer.default\">\n\t\t\t\t<div class=\"elementor-widget-container\">\n\t\t\t\t\t\t\t<div class=\"elementor-spacer\">\n\t\t\t<div class=\"elementor-spacer-inner\"><\/div>\n\t\t<\/div>\n\t\t\t\t\t\t<\/div>\n\t\t\t\t<\/div>\n\t\t\t\t<div class=\"elementor-element elementor-element-65b8897a sc_height_huge sc_fly_static elementor-widget elementor-widget-spacer\" data-id=\"65b8897a\" data-element_type=\"widget\" data-e-type=\"widget\" data-widget_type=\"spacer.default\">\n\t\t\t\t<div class=\"elementor-widget-container\">\n\t\t\t\t\t\t\t<div class=\"elementor-spacer\">\n\t\t\t<div class=\"elementor-spacer-inner\"><\/div>\n\t\t<\/div>\n\t\t\t\t\t\t<\/div>\n\t\t\t\t<\/div>\n\t\t\t\t<div class=\"elementor-element elementor-element-27e48875 sc_fly_static elementor-widget elementor-widget-trx_sc_title\" data-id=\"27e48875\" data-element_type=\"widget\" data-e-type=\"widget\" data-widget_type=\"trx_sc_title.default\">\n\t\t\t\t<div class=\"elementor-widget-container\">\n\t\t\t\t\t<div\t\tclass=\"sc_title sc_title_decoration\" ><span class=\"sc_item_subtitle sc_title_subtitle sc_align_center sc_item_subtitle_above sc_item_title_style_decoration\">Our Special Offer<\/span><h1 class=\"sc_item_title sc_title_title sc_align_center sc_item_title_style_decoration sc_item_title_tag\"\n\t\t\t><span class=\"sc_item_title_text\">fOGLALJ ID\u0150PONTOT, MERT MEG\u00c9RDEMLED<\/span><\/h1><\/div>\t\t\t\t<\/div>\n\t\t\t\t<\/div>\n\t\t\t\t<div class=\"elementor-element elementor-element-78936b4e sc_fly_static elementor-widget elementor-widget-trx_sc_button\" data-id=\"78936b4e\" data-element_type=\"widget\" data-e-type=\"widget\" data-widget_type=\"trx_sc_button.default\">\n\t\t\t\t<div class=\"elementor-widget-container\">\n\t\t\t\t\t<div\tclass=\"sc_item_button sc_button_wrap sc_align_center\" ><a href=\"https:\/\/gordiuszmasszazs.hu\/en\/kapcsolat\/\" class=\"sc_button sc_button_modern sc_button_size_normal sc_button_icon_left\"><span class=\"sc_button_text\"><span class=\"sc_button_title_first\">ID\u0150PONT FOGAL\u00c1S<\/span><span class=\"sc_button_title_second\">ID\u0150PONT FOGAL\u00c1S<\/span><\/span><\/a><\/div>\t\t\t\t<\/div>\n\t\t\t\t<\/div>\n\t\t\t\t<div class=\"elementor-element elementor-element-97fdb80 sc_height_medium sc_fly_static elementor-widget elementor-widget-spacer\" data-id=\"97fdb80\" data-element_type=\"widget\" data-e-type=\"widget\" data-widget_type=\"spacer.default\">\n\t\t\t\t<div class=\"elementor-widget-container\">\n\t\t\t\t\t\t\t<div class=\"elementor-spacer\">\n\t\t\t<div class=\"elementor-spacer-inner\"><\/div>\n\t\t<\/div>\n\t\t\t\t\t\t<\/div>\n\t\t\t\t<\/div>\n\t\t\t\t\t<\/div>\n\t\t<\/div>\n\t\t\t\t\t<\/div>\n\t\t<\/section>\n\t\t\t\t<\/div>","protected":false},"excerpt":{"rendered":"<p>Laura Szakk\u00e9pzett Gy\u00f3gymassz\u00f6r Julcsi Szakk\u00e9pzett Gy\u00f3gymassz\u0151r Kriszti Szakk\u00e9pzett Gy\u00f3gymassz\u0151r Our Special Offer fOGLALJ ID\u0150PONTOT, MERT MEG\u00c9RDEMLED ID\u0150PONT FOGAL\u00c1SID\u0150PONT FOGAL\u00c1S<\/p>","protected":false},"author":1,"featured_media":0,"parent":0,"menu_order":0,"comment_status":"closed","ping_status":"closed","template":"","meta":{"footnotes":""},"class_list":["post-4047","page","type-page","status-publish","hentry"],"_links":{"self":[{"href":"https:\/\/gordiuszmasszazs.hu\/en\/wp-json\/wp\/v2\/pages\/4047","targetHints":{"allow":["GET"]}}],"collection":[{"href":"https:\/\/gordiuszmasszazs.hu\/en\/wp-json\/wp\/v2\/pages"}],"about":[{"href":"https:\/\/gordiuszmasszazs.hu\/en\/wp-json\/wp\/v2\/types\/page"}],"author":[{"embeddable":true,"href":"https:\/\/gordiuszmasszazs.hu\/en\/wp-json\/wp\/v2\/users\/1"}],"replies":[{"embeddable":true,"href":"https:\/\/gordiuszmasszazs.hu\/en\/wp-json\/wp\/v2\/comments?post=4047"}],"version-history":[{"count":13,"href":"https:\/\/gordiuszmasszazs.hu\/en\/wp-json\/wp\/v2\/pages\/4047\/revisions"}],"predecessor-version":[{"id":24142,"href":"https:\/\/gordiuszmasszazs.hu\/en\/wp-json\/wp\/v2\/pages\/4047\/revisions\/24142"}],"wp:attachment":[{"href":"https:\/\/gordiuszmasszazs.hu\/en\/wp-json\/wp\/v2\/media?parent=4047"}],"curies":[{"name":"wp","href":"https:\/\/api.w.org\/{rel}","templated":true}]}}