

{"id":23414,"date":"2025-08-14T15:45:57","date_gmt":"2025-08-14T13:45:57","guid":{"rendered":"https:\/\/gordiuszmasszazs.hu\/?page_id=23414"},"modified":"2025-10-24T21:41:40","modified_gmt":"2025-10-24T19:41:40","slug":"kapcsolat","status":"publish","type":"page","link":"https:\/\/gordiuszmasszazs.hu\/en\/kapcsolat\/","title":{"rendered":"Contact"},"content":{"rendered":"<div data-elementor-type=\"wp-page\" data-elementor-id=\"23414\" class=\"elementor elementor-23414\">\n\t\t\t\t\t\t<section class=\"elementor-section elementor-top-section elementor-element elementor-element-85c055e elementor-section-full_width elementor-section-height-default elementor-section-height-default sc_fly_static\" data-id=\"85c055e\" data-element_type=\"section\" data-e-type=\"section\">\n\t\t\t\t\t\t<div class=\"elementor-container elementor-column-gap-default\">\n\t\t\t\t\t<div class=\"elementor-column elementor-col-100 elementor-top-column elementor-element elementor-element-e485eeb sc_content_align_inherit sc_layouts_column_icons_position_left sc_fly_static\" data-id=\"e485eeb\" data-element_type=\"column\" data-e-type=\"column\">\n\t\t\t<div class=\"elementor-widget-wrap elementor-element-populated\">\n\t\t\t\t\t\t<div class=\"elementor-element elementor-element-bf2bba7 sc_fly_static elementor-widget elementor-widget-trx_widget_contacts\" data-id=\"bf2bba7\" data-element_type=\"widget\" data-e-type=\"widget\" data-widget_type=\"trx_widget_contacts.default\">\n\t\t\t\t<div class=\"elementor-widget-container\">\n\t\t\t\t\t<div class=\"widget_area sc_widget_contacts\"><aside class=\"widget widget_contacts\"><div class=\"contacts_wrap\"><div class=\"contacts_description\"><h1>\u00a0<\/h1><h1>\u00a0<\/h1><h1 style=\"text-align: center;\"><strong>Gordiusz Massz\u00e1zs Szalon<\/strong><\/h1><h1 style=\"text-align: center;\"><em>\"Csom\u00f3 old\u00e1s fels\u0151fokon\"\u00a0<\/em><\/h1><\/div><div class=\"contacts_place contacts_map_top\"><div class=\"contacts_map\"><div id=\"sc_googlemap_1684970938_wrap\" class=\"sc_googlemap_wrap\"><div id=\"sc_googlemap_1684970938\"\t\t\tclass=\"sc_item_content sc_map sc_googlemap sc_googlemap_default trx_addons_inline_1429331338\"\n\t\t\t\t\t\tdata-zoom=\"13\"\n\t\t\tdata-center=\"\"\n\t\t\tdata-style=\"default\"\n\t\t\tdata-map-id=\"\"\n\t\t\tdata-cluster-icon=\"\"\n\t\t\t><iframe\n\t\t\t\t\t\tsrc=\"https:\/\/maps.google.com\/maps?t=m&output=embed&iwloc=near&z=13&q=6726+Szeged%2C+Marost%C5%91i+u.+4.\"\n\t\t\t\t\t\taria-label=\"\"><\/iframe><\/div><\/div><\/div><div class=\"contacts_info\"><span class=\"contacts_address\">6726 Szeged, Marost\u0151i u. 4.<\/span><span class=\"contacts_email\"><a href=\"mailto:&#105;&#110;fo&#64;g&#111;rdi&#117;szm&#97;&#115;&#115;&#122;&#97;zs.hu\">info@gordiuszmasszazs.hu<\/a><\/span><a href=\"tel:+36305872686\" class=\"contacts_phone\">+3630-587-2686<\/a><\/div><\/div><\/div><\/aside><\/div>\t\t\t\t<\/div>\n\t\t\t\t<\/div>\n\t\t\t\t\t<\/div>\n\t\t<\/div>\n\t\t\t\t\t<\/div>\n\t\t<\/section>\n\t\t\t\t<\/div>","protected":false},"excerpt":{"rendered":"<p>\u00a0 \u00a0 Gordiusz Massz\u00e1zs Szalon &#8222;Csom\u00f3 old\u00e1s fels\u0151fokon&#8221;\u00a0 6726 Szeged, Marost\u0151i u. 4.&#105;nf&#111;&#64;&#103;&#111;rdiuszm&#97;&#115;sz&#97;&#122;&#115;&#46;&#104;u+3630-587-2686<\/p>","protected":false},"author":1,"featured_media":0,"parent":0,"menu_order":0,"comment_status":"closed","ping_status":"closed","template":"","meta":{"footnotes":""},"class_list":["post-23414","page","type-page","status-publish","hentry"],"_links":{"self":[{"href":"https:\/\/gordiuszmasszazs.hu\/en\/wp-json\/wp\/v2\/pages\/23414","targetHints":{"allow":["GET"]}}],"collection":[{"href":"https:\/\/gordiuszmasszazs.hu\/en\/wp-json\/wp\/v2\/pages"}],"about":[{"href":"https:\/\/gordiuszmasszazs.hu\/en\/wp-json\/wp\/v2\/types\/page"}],"author":[{"embeddable":true,"href":"https:\/\/gordiuszmasszazs.hu\/en\/wp-json\/wp\/v2\/users\/1"}],"replies":[{"embeddable":true,"href":"https:\/\/gordiuszmasszazs.hu\/en\/wp-json\/wp\/v2\/comments?post=23414"}],"version-history":[{"count":31,"href":"https:\/\/gordiuszmasszazs.hu\/en\/wp-json\/wp\/v2\/pages\/23414\/revisions"}],"predecessor-version":[{"id":24176,"href":"https:\/\/gordiuszmasszazs.hu\/en\/wp-json\/wp\/v2\/pages\/23414\/revisions\/24176"}],"wp:attachment":[{"href":"https:\/\/gordiuszmasszazs.hu\/en\/wp-json\/wp\/v2\/media?parent=23414"}],"curies":[{"name":"wp","href":"https:\/\/api.w.org\/{rel}","templated":true}]}}