

{"id":23377,"date":"2025-08-14T10:05:42","date_gmt":"2025-08-14T08:05:42","guid":{"rendered":"https:\/\/gordiuszmasszazs.hu\/?page_id=23377"},"modified":"2026-04-29T14:46:34","modified_gmt":"2026-04-29T12:46:34","slug":"hazirend","status":"publish","type":"page","link":"https:\/\/gordiuszmasszazs.hu\/en\/hazirend\/","title":{"rendered":"House rules"},"content":{"rendered":"<div data-elementor-type=\"wp-page\" data-elementor-id=\"23377\" class=\"elementor elementor-23377\">\n\t\t\t\t\t\t<section class=\"elementor-section elementor-top-section elementor-element elementor-element-05b65b0 elementor-section-boxed elementor-section-height-default elementor-section-height-default sc_fly_static\" data-id=\"05b65b0\" data-element_type=\"section\" data-e-type=\"section\">\n\t\t\t\t\t\t<div class=\"elementor-container elementor-column-gap-extended\">\n\t\t\t\t\t<div class=\"elementor-column elementor-col-100 elementor-top-column elementor-element elementor-element-e12bad6 sc_content_align_inherit sc_layouts_column_icons_position_left sc_fly_static\" data-id=\"e12bad6\" data-element_type=\"column\" data-e-type=\"column\">\n\t\t\t<div class=\"elementor-widget-wrap elementor-element-populated\">\n\t\t\t\t\t\t<div class=\"elementor-element elementor-element-409e0cd sc_fly_static elementor-widget elementor-widget-text-editor\" data-id=\"409e0cd\" data-element_type=\"widget\" data-e-type=\"widget\" data-widget_type=\"text-editor.default\">\n\t\t\t\t<div class=\"elementor-widget-container\">\n\t\t\t\t\t\t\t\t\t<p><strong>Kedves Vend\u00e9geink!<\/strong><\/p>\n<p><em>A h\u00e1zirend c\u00e9lja<strong>,<\/strong>&nbsp;hogy minden hozz\u00e1nk \u00e9rkez\u0151 vend\u00e9get nyugodt k\u00f6rnyezet, rend \u00e9s tisztas\u00e1g fogadjon.<\/em><\/p>\n<p><em>A hat\u00e1lyos magyar jogszab\u00e1lyok \u00e9s jelen h\u00e1zirend betart\u00e1sa k\u00f6telez\u0151 minden \u00fczlet\u00fcnkben tart\u00f3zkod\u00f3 szem\u00e9lyre n\u00e9zve. A h\u00e1zirend elolvashat\u00f3 \u00fczlet\u00fcnk v\u00e1rakoz\u00f3 helyis\u00e9g\u00e9ben \u00e9s honlapunkon egyar\u00e1nt<\/em><em>.<\/em><\/p>\n<p>K\u00e9rj\u00fck Vend\u00e9geinket, hogy \u00fczlet\u00fcnk ter\u00fclet\u00e9n \u0151rizz\u00e9k meg a nyugodt hangulatot, a csendet. Tart\u00f3zkodjanak a hangos besz\u00e9dt\u0151l, kiab\u00e1l\u00e1st\u00f3l \u00e9s minden egy\u00e9b hangos vagy m\u00e1s m\u00f3don zavar\u00f3 tev\u00e9kenys\u00e9gt\u0151l (pl. zenehallgat\u00e1s telefonr\u00f3l, ajt\u00f3 becsap\u00e1sa, stb.)<\/p>\n<p>Vend\u00e9geink \u00e9s munkat\u00e1rsaink \u00e9rdek\u00e9ben k\u00e9rj\u00fck, csak eg\u00e9szs\u00e9gesen vegyen r\u00e9szt kezel\u00e9seinken. Munkat\u00e1rsaink k\u00f6telesek a betegs\u00e9g b\u00e1rmilyen jele eset\u00e9n a kezel\u00e9st elhalasztani<\/p>\n<p><em><strong>Az aj\u00e1nd\u00e9kk\u00e1rty\u00e1kon<\/strong><b>&nbsp;l\u00e9v\u0151 \u00e9rv\u00e9nyess\u00e9gi d\u00e1tum 60 nappal hosszabb\u00edthat\u00f3 meg!<\/b><\/em><\/p>\n<p><em><strong>A hosszabb\u00edt\u00e1s\u00e9rt 4.000.Ft adminisztr\u00e1ci\u00f3s d\u00edjat sz\u00e1molunk fel.<\/strong><\/em><\/p>\n<p style=\"text-align: center;\" align=\"center\"><b><span style=\"font-size: 14.0pt; mso-bidi-font-size: 16.0pt; line-height: 115%;\">Lemond\u00e1si\/rendelkez\u00e9sre \u00e1ll\u00e1si &nbsp;d\u00edj: 6.000.Ft\/f\u0151\/\u00f3ra&nbsp;&nbsp;<\/span><\/b><\/p>\n<p style=\"text-align: justify; text-indent: -7.1pt;\"><span style=\"font-size: 14.0pt; mso-bidi-font-size: 16.0pt; line-height: 115%;\">&nbsp; A lemond\u00e1si felt\u00e9telek, az id\u0151pont lefoglal\u00e1sakor a automatikusan elfogad\u00e1sra ker\u00fclnek a Vend\u00e9g r\u00e9sz\u00e9r\u0151l<\/span><\/p>\n<p style=\"text-align: justify;\"><span style=\"font-size: 14.0pt; mso-bidi-font-size: 16.0pt; line-height: 115%;\">A lemond\u00e1si d\u00edjat ki kell fizetni b\u00e1rmilyen okb\u00f3l is t\u00f6rt\u00e9nik a lemond\u00e1s a lefoglalt id\u0151pontot megel\u0151z\u0151 48 \u00f3r\u00e1n bel\u00fcl (betegs\u00e9g, elfelejt\u00e9s stb..)&nbsp; &nbsp;Nem \u00e1ll m\u00f3dunkban m\u00e9rlegelni.&nbsp;<\/span><\/p>\n<p style=\"text-align: justify;\"><span style=\"font-size: 14pt;\">Lemond\u00e1si d\u00edj 6 havonta 1 alkalommal <\/span><span style=\"font-size: 14pt;\">vehet\u0151 ig\u00e9nybe, tov\u00e1bbi esetekben a teljes \u00e1r fizetend\u0151, vagy a b\u00e9rlet, <\/span><span style=\"font-size: 14pt;\">aj\u00e1nd\u00e9kk\u00e1rtya alkalom ker\u00fcl levon\u00e1sra lemond\u00e1si d\u00edjk\u00e9nt<\/span><\/p>\n<p style=\"text-align: justify;\"><span style=\"font-size: 14.0pt; mso-bidi-font-size: 16.0pt; line-height: 115%;\">48 \u00f3r\u00e1n bel\u00fcli lemond\u00e1s eset\u00e9n, \u00faj id\u0151pont foglal\u00e1s n\u00e9lk\u00fcl, csak a lemond\u00e1si d\u00edj fizetend\u0151<\/span><\/p>\n<p style=\"text-align: justify;\"><span style=\"font-size: 14.0pt; mso-bidi-font-size: 16.0pt; line-height: 115%;\">Egy k\u00f6vetkez\u0151 &nbsp;id\u0151pont lefoglal\u00e1s\u00e1hoz a lemondott id\u0151pontra felsz\u00e1molt lemond\u00e1si d\u00edj, az \u00faj id\u0151pontra v\u00e1lasztott massz\u00e1zs ellen\u00e9rt\u00e9k\u00e9vel&nbsp;egy\u00fctt, el\u0151re fizetend\u0151. (csak ebben az esetben tudjuk v\u00e9gleges\u00edteni a&nbsp;k\u00f6vetkez\u0151 id\u0151pontot)<\/span><\/p>\n<p style=\"text-align: justify;\"><span style=\"font-size: 14.0pt; mso-bidi-font-size: 16.0pt; line-height: 115%;\">Amennyiben b\u00e9rlet vagy&nbsp;aj\u00e1nd\u00e9kk\u00e1rty\u00e1s alkalom ker\u00fclt lemond\u00e1sra 48 \u00f3r\u00e1n bel\u00fcl, akkor csak a lemond\u00e1si&nbsp;d\u00edj fizetend\u0151 el\u0151re, az adott alkalom, vagy k\u00e1rtya automatikusan besz\u00e1m\u00edt\u00f3dik az<br>\u00fajonnan lefoglalt id\u0151pontra. <\/span><\/p>\n<p style=\"text-align: center;\" align=\"center\">\n<\/p><p style=\"text-align: center;\"><span style=\"font-size: 14.0pt; mso-bidi-font-size: 16.0pt; line-height: 115%; font-family: 'Aptos',serif; mso-ascii-theme-font: minor-latin; mso-fareast-font-family: Aptos; mso-fareast-theme-font: minor-latin; mso-hansi-theme-font: minor-latin; mso-bidi-font-family: 'Times New Roman'; mso-bidi-theme-font: minor-bidi; mso-ansi-language: HU; mso-fareast-language: EN-US; mso-bidi-language: AR-SA;\"><a href=\"http:\/\/www.masszirozlak.hu\/lemondas\" target=\"_blank\" rel=\"noopener\">www.gordiuszmasszazs.hu\/lemondas<\/a><\/span><\/p>\n<p>A lefoglalt id\u0151pont el\u0151tt 5-10 perccel c\u00e9lszer\u0171 \u00e9rkezni. K\u00e9rj\u00fck, vegye figyelembe, hogy a lefoglalt id\u0151pont a kezel\u00e9s kezd\u00e9si id\u0151pontja. Az elmaradt r\u00e9sz k\u00e9s\u0151bbi \u201cp\u00f3tl\u00e1s\u00e1ra\u201d nincs lehet\u0151s\u00e9g. Szakembereink a vend\u00e9geket egym\u00e1s ut\u00e1n fogadj\u00e1k, ez\u00e9rt kiemelten fontos, hogy a megbesz\u00e9lt id\u0151pontokat mindenki betartsa. C\u00e9lszer\u0171 lezuhanyozva \u00e9rkezni, a komfort \u00e9rzet, a higi\u00e9nia \u00e9s az izmok megfelel\u0151 ellaz\u00edt\u00e1sa c\u00e9lj\u00e1b\u00f3l<\/p>\n<p>Cip\u0151ket a szalonba l\u00e9p\u00e9st k\u00f6vet\u0151en k\u00e9rj\u00fck levenni, opcion\u00e1lisan benti papucsaink haszn\u00e1lhat\u00f3ak<\/p>\n<p>A szolg\u00e1ltat\u00e1st mindenki saj\u00e1t felel\u0151ss\u00e9g\u00e9re veszi ig\u00e9nybe<\/p>\n<p>A felel\u0151ss\u00e9gi nyilatkozatot tartalmaz\u00f3 kezel\u0151lapok al\u00e1\u00edr\u00e1sa k\u00f6telez\u0151, an\u00e9lk\u00fcl a szolg\u00e1ltat\u00e1st nem tudjuk biztos\u00edtani. Az ismert eg\u00e9szs\u00e9g\u00fcgyi probl\u00e9m\u00e1kat, a&nbsp;<strong>kezel\u00e9s el\u0151tt kell jelezni<\/strong><\/p>\n<p>A massz\u00e1zs sor\u00e1n feh\u00e9rnem\u0171 visel\u00e9se higi\u00e9niai okokb\u00f3l k\u00f6telez\u0151<\/p>\n<p>\u00dczlet\u00fcnkben szolg\u00e1ltat\u00e1saink azonnal fizetend\u0151ek, hitelre v\u00e1s\u00e1rl\u00e1s nincs, \u00e1raink nem alkuk\u00e9pesek<\/p>\n<p>Fizet\u00e9si lehet\u0151s\u00e9gek: k\u00e9szp\u00e9nz, elektronikus azonnali utal\u00e1s,&nbsp; vagy OTP \/ K&amp;H\/ MKB SZ\u00c9Pk\u00e1rtya<\/p>\n<p>A kezel\u00e9seket kiz\u00e1r\u00f3lag el\u0151zetes bejelentkez\u00e9s ut\u00e1n lehet ig\u00e9nybe venni<\/p>\n<p>El\u00e9rhet\u0151s\u00e9gek:<br>telefon: +3630\/587-2686<br>email: info@gordiuszmasszazs.hu<br>honlap:&nbsp;<a href=\"http:\/\/www.godiuszmassszazs.hu\/\" target=\"_blank\" rel=\"noopener\">www.gordiuszmasszazs.hu<\/a><br>szem\u00e9lyes: 6726 Szeged Marost\u0151i u. 4.<\/p>\n<p><strong>Az id\u0151pont lefoglal\u00e1s\u00e1val, a szolg\u00e1ltat\u00e1sok ig\u00e9nybev\u00e9tel\u00e9vel Vend\u00e9g\u00fcnk automatikusan elfogadja a h\u00e1zirend szab\u00e1lyait.<\/strong><\/p>\t\t\t\t\t\t\t\t<\/div>\n\t\t\t\t<\/div>\n\t\t\t\t\t<\/div>\n\t\t<\/div>\n\t\t\t\t\t<\/div>\n\t\t<\/section>\n\t\t\t\t<\/div>","protected":false},"excerpt":{"rendered":"<p>Kedves Vend\u00e9geink! A h\u00e1zirend c\u00e9lja,&nbsp;hogy minden hozz\u00e1nk \u00e9rkez\u0151 vend\u00e9get nyugodt k\u00f6rnyezet, rend \u00e9s tisztas\u00e1g fogadjon. A hat\u00e1lyos magyar jogszab\u00e1lyok \u00e9s jelen h\u00e1zirend betart\u00e1sa k\u00f6telez\u0151 minden \u00fczlet\u00fcnkben tart\u00f3zkod\u00f3 szem\u00e9lyre n\u00e9zve. A&hellip;<\/p>","protected":false},"author":1,"featured_media":0,"parent":0,"menu_order":0,"comment_status":"closed","ping_status":"closed","template":"","meta":{"footnotes":""},"class_list":["post-23377","page","type-page","status-publish","hentry"],"_links":{"self":[{"href":"https:\/\/gordiuszmasszazs.hu\/en\/wp-json\/wp\/v2\/pages\/23377","targetHints":{"allow":["GET"]}}],"collection":[{"href":"https:\/\/gordiuszmasszazs.hu\/en\/wp-json\/wp\/v2\/pages"}],"about":[{"href":"https:\/\/gordiuszmasszazs.hu\/en\/wp-json\/wp\/v2\/types\/page"}],"author":[{"embeddable":true,"href":"https:\/\/gordiuszmasszazs.hu\/en\/wp-json\/wp\/v2\/users\/1"}],"replies":[{"embeddable":true,"href":"https:\/\/gordiuszmasszazs.hu\/en\/wp-json\/wp\/v2\/comments?post=23377"}],"version-history":[{"count":14,"href":"https:\/\/gordiuszmasszazs.hu\/en\/wp-json\/wp\/v2\/pages\/23377\/revisions"}],"predecessor-version":[{"id":24830,"href":"https:\/\/gordiuszmasszazs.hu\/en\/wp-json\/wp\/v2\/pages\/23377\/revisions\/24830"}],"wp:attachment":[{"href":"https:\/\/gordiuszmasszazs.hu\/en\/wp-json\/wp\/v2\/media?parent=23377"}],"curies":[{"name":"wp","href":"https:\/\/api.w.org\/{rel}","templated":true}]}}