

{"id":23061,"date":"2025-02-24T23:33:51","date_gmt":"2025-02-24T22:33:51","guid":{"rendered":"https:\/\/gordiuszmasszazs.hu\/?page_id=23061"},"modified":"2025-09-28T18:38:12","modified_gmt":"2025-09-28T16:38:12","slug":"elallas_visszakuldes","status":"publish","type":"page","link":"https:\/\/gordiuszmasszazs.hu\/en\/elallas_visszakuldes\/","title":{"rendered":"Refund and return policy"},"content":{"rendered":"<div data-elementor-type=\"wp-page\" data-elementor-id=\"23061\" class=\"elementor elementor-23061\">\n\t\t\t\t\t\t<section class=\"elementor-section elementor-top-section elementor-element elementor-element-1c0b87b7 elementor-section-boxed elementor-section-height-default elementor-section-height-default sc_fly_static\" data-id=\"1c0b87b7\" data-element_type=\"section\" data-e-type=\"section\">\n\t\t\t\t\t\t<div class=\"elementor-container elementor-column-gap-extended\">\n\t\t\t\t\t<div class=\"elementor-column elementor-col-100 elementor-top-column elementor-element elementor-element-6108aeca sc_content_align_inherit sc_layouts_column_icons_position_left sc_fly_static\" data-id=\"6108aeca\" data-element_type=\"column\" data-e-type=\"column\">\n\t\t\t<div class=\"elementor-widget-wrap elementor-element-populated\">\n\t\t\t\t\t\t<div class=\"elementor-element elementor-element-5b34b61f sc_fly_static elementor-widget elementor-widget-text-editor\" data-id=\"5b34b61f\" data-element_type=\"widget\" data-e-type=\"widget\" data-widget_type=\"text-editor.default\">\n\t\t\t\t<div class=\"elementor-widget-container\">\n\t\t\t\t\t\t\t\t\t<div data-id=\"3255908\" data-element_type=\"widget\" data-widget_type=\"text-editor.default\">\n<div>\n<h1 style=\"font-size: 2.61792em; margin-bottom: 0.540791em; font-family: Rubik,;\">&nbsp; &nbsp; &nbsp; &nbsp;Nyilatkozat-minta<br>&nbsp; &nbsp; &nbsp; &nbsp; &nbsp; &nbsp; &nbsp; &nbsp;el\u00e1ll\u00e1shoz<\/h1>\n<div>&nbsp;<span style=\"color: #444444; font-size: 16px; background-color: var(--theme-color-bg_color); letter-spacing: var(--theme-font-p_letter-spacing); text-transform: var(--theme-font-p_text-transform);\">&nbsp; &nbsp; &nbsp; &nbsp; &nbsp; &nbsp; &nbsp; &nbsp; &nbsp; &nbsp; &nbsp; &nbsp; &nbsp; &nbsp;&nbsp;<\/span><b style=\"color: #444444; font-family: inherit; font-style: inherit; background-color: var(--theme-color-bg_color); letter-spacing: var(--theme-font-p_letter-spacing); text-transform: var(--theme-font-p_text-transform);\">&nbsp; &nbsp;&nbsp;<\/b><\/div>\n<p style=\"color: #444444;\"><b>&nbsp; &nbsp; &nbsp; &nbsp; &nbsp; &nbsp; &nbsp; &nbsp; &nbsp; &nbsp; &nbsp; &nbsp; &nbsp; &nbsp; &nbsp; &nbsp; &nbsp; &nbsp; &nbsp; &nbsp; &nbsp; &nbsp; &nbsp; &nbsp; &nbsp; &nbsp; &nbsp; &nbsp; &nbsp; &nbsp; &nbsp; &nbsp; &nbsp; &nbsp;M\u00e9sz\u00e1ros P\u00e9ter EV<br>&nbsp; &nbsp; &nbsp; &nbsp; &nbsp; &nbsp; &nbsp; &nbsp; &nbsp; &nbsp; &nbsp; &nbsp; &nbsp; &nbsp; &nbsp; &nbsp; &nbsp; &nbsp; &nbsp; &nbsp; &nbsp; &nbsp; &nbsp; &nbsp; &nbsp; &nbsp; &nbsp; &nbsp; &nbsp;(Gordiusz Massz\u00e1zs Szalon)&nbsp; &nbsp; &nbsp; &nbsp; &nbsp; &nbsp; &nbsp; &nbsp; &nbsp; &nbsp; &nbsp; &nbsp; &nbsp; &nbsp;<br><\/b><\/p>\n<p style=\"color: #444444;\"><b>&nbsp; &nbsp; &nbsp; &nbsp; &nbsp; &nbsp; &nbsp; &nbsp; &nbsp; &nbsp; &nbsp; &nbsp; &nbsp; &nbsp; &nbsp; &nbsp;6726 Szeged, Marost\u0151i u. 4.&nbsp; (info@gordiuszmasszazs.hu)&nbsp; &nbsp; &nbsp; &nbsp; &nbsp; &nbsp; &nbsp; &nbsp; &nbsp; &nbsp; &nbsp; &nbsp; &nbsp; &nbsp; &nbsp; &nbsp; &nbsp; &nbsp; &nbsp; &nbsp; &nbsp; &nbsp; &nbsp;&nbsp;<br><\/b><\/p>\n<p><b>&nbsp;<\/b><span style=\"color: #444444; font-size: 16px; background-color: var(--theme-color-bg_color); letter-spacing: var(--theme-font-p_letter-spacing); text-transform: var(--theme-font-p_text-transform);\">Alul\u00edrott\/ak<\/span><\/p>\n<p style=\"color: #444444;\">kijelentem\/kijelentj\u00fck, hogy fenti szolg\u00e1ltat\u00f3val szemben<br>gyakorlom\/gyakoroljuk el\u00e1ll\u00e1si\/felmond\u00e1si jogomat\/jogunkat az al\u00e1bbi<br>term\u00e9k\/ek ad\u00e1sv\u00e9tel\u00e9re vagy az al\u00e1bbi szolg\u00e1ltat\u00e1s ny\u00fajt\u00e1s\u00e1ra ir\u00e1nyul\u00f3<br>szerz\u0151d\u00e9s tekintet\u00e9ben:<\/p>\n<p style=\"color: #444444;\">\u2026\u2026\u2026\u2026\u2026\u2026\u2026\u2026\u2026\u2026\u2026\u2026\u2026\u2026\u2026\u2026\u2026\u2026\u2026\u2026\u2026\u2026\u2026\u2026\u2026\u2026\u2026\u2026\u2026\u2026\u2026\u2026\u2026\u2026\u2026\u2026\u2026\u2026\u2026\u2026\u2026\u2026..<\/p>\n<p style=\"color: #444444;\">V\u00e1s\u00e1rl\u00e1s id\u0151pontja \/\u00e1tv\u00e9tel id\u0151pontja: \u2026\u2026\u2026\u2026\u2026\u2026\u2026\u2026\u2026\u2026\u2026\u2026\u2026\u2026\u2026\u2026\u2026\u2026\u2026\u2026\u2026\u2026<\/p>\n<p style=\"color: #444444;\">A fogyaszt\u00f3(k) neve: \u2026\u2026\u2026\u2026\u2026\u2026\u2026\u2026\u2026\u2026\u2026\u2026\u2026\u2026\u2026\u2026\u2026\u2026\u2026\u2026\u2026\u2026\u2026\u2026\u2026\u2026\u2026\u2026\u2026\u2026\u2026.<\/p>\n<p style=\"color: #444444;\">A fogyaszt\u00f3(k) c\u00edme: \u2026\u2026\u2026\u2026\u2026\u2026\u2026\u2026\u2026\u2026\u2026\u2026\u2026\u2026\u2026\u2026\u2026\u2026\u2026\u2026\u2026\u2026\u2026\u2026\u2026\u2026\u2026\u2026\u2026\u2026\u2026.<\/p>\n<p style=\"color: #444444;\">A v\u00e9tel\u00e1rat az al\u00e1bbi banksz\u00e1mlasz\u00e1mra k\u00e9rem visszautalni (abban az<br>esetben t\u00f6ltse ki, ha szeretn\u00e9, hogy a v\u00e9tel\u00e1rat banki \u00e1tutal\u00e1ssal<br>fizess\u00fck vissza):<\/p>\n<p style=\"color: #444444;\"><br>\u2026\u2026\u2026\u2026\u2026\u2026\u2026\u2026\u2026\u2026\u2026\u2026\u2026\u2026\u2026\u2026\u2026\u2026\u2026\u2026\u2026\u2026\u2026\u2026\u2026\u2026\u2026\u2026\u2026\u2026\u2026\u2026\u2026\u2026\u2026\u2026\u2026\u2026\u2026\u2026\u2026\u2026.<\/p>\n<p style=\"color: #444444;\">A fogyaszt\u00f3(k) al\u00e1\u00edr\u00e1sa: (kiz\u00e1r\u00f3lag pap\u00edron tett nyilatkozat eset\u00e9n)<\/p>\n<p style=\"color: #444444;\">\u2026\u2026\u2026\u2026\u2026\u2026\u2026\u2026\u2026\u2026\u2026\u2026\u2026\u2026\u2026\u2026\u2026\u2026\u2026\u2026\u2026\u2026\u2026\u2026\u2026\u2026\u2026\u2026\u2026\u2026\u2026&#8230;&#8230;&#8230;&#8230;&#8230;&#8230;&#8230;&#8230;&#8230;&#8230;&#8230;.<\/p>\n<p style=\"color: #444444;\">Kelt,<\/p>\n<div>&nbsp;<\/div>\n<\/div>\n<\/div>\n<div data-id=\"ea20dcf\" data-element_type=\"widget\" data-widget_type=\"text-editor.default\">\n<div>\n<p>Online v\u00e1s\u00e1rl\u00e1s eset\u00e9n, a megrendel\u00e9st k\u00f6vet\u0151en 14 nap \u00e1ll rendelkez\u00e9sre az el\u00e1ll\u00e1sra!&nbsp;&nbsp;<\/p>\n<\/div>\n<\/div>\t\t\t\t\t\t\t\t<\/div>\n\t\t\t\t<\/div>\n\t\t\t\t\t<\/div>\n\t\t<\/div>\n\t\t\t\t\t<\/div>\n\t\t<\/section>\n\t\t\t\t<\/div>","protected":false},"excerpt":{"rendered":"<p>&nbsp; &nbsp; &nbsp; &nbsp;Nyilatkozat-minta&nbsp; &nbsp; &nbsp; &nbsp; &nbsp; &nbsp; &nbsp; &nbsp;el\u00e1ll\u00e1shoz &nbsp;&nbsp; &nbsp; &nbsp; &nbsp; &nbsp; &nbsp; &nbsp; &nbsp; &nbsp; &nbsp; &nbsp; &nbsp; &nbsp; &nbsp;&nbsp;&nbsp; &nbsp;&nbsp; &nbsp; &nbsp; &nbsp; &nbsp;&hellip;<\/p>","protected":false},"author":1,"featured_media":0,"parent":0,"menu_order":0,"comment_status":"closed","ping_status":"closed","template":"","meta":{"footnotes":""},"class_list":["post-23061","page","type-page","status-publish","hentry"],"_links":{"self":[{"href":"https:\/\/gordiuszmasszazs.hu\/en\/wp-json\/wp\/v2\/pages\/23061","targetHints":{"allow":["GET"]}}],"collection":[{"href":"https:\/\/gordiuszmasszazs.hu\/en\/wp-json\/wp\/v2\/pages"}],"about":[{"href":"https:\/\/gordiuszmasszazs.hu\/en\/wp-json\/wp\/v2\/types\/page"}],"author":[{"embeddable":true,"href":"https:\/\/gordiuszmasszazs.hu\/en\/wp-json\/wp\/v2\/users\/1"}],"replies":[{"embeddable":true,"href":"https:\/\/gordiuszmasszazs.hu\/en\/wp-json\/wp\/v2\/comments?post=23061"}],"version-history":[{"count":30,"href":"https:\/\/gordiuszmasszazs.hu\/en\/wp-json\/wp\/v2\/pages\/23061\/revisions"}],"predecessor-version":[{"id":23961,"href":"https:\/\/gordiuszmasszazs.hu\/en\/wp-json\/wp\/v2\/pages\/23061\/revisions\/23961"}],"wp:attachment":[{"href":"https:\/\/gordiuszmasszazs.hu\/en\/wp-json\/wp\/v2\/media?parent=23061"}],"curies":[{"name":"wp","href":"https:\/\/api.w.org\/{rel}","templated":true}]}}