

{"id":12954,"date":"2025-08-14T08:23:10","date_gmt":"2025-08-14T06:23:10","guid":{"rendered":"https:\/\/gordiuszmasszazs.hu\/?page_id=12954"},"modified":"2025-10-08T09:38:16","modified_gmt":"2025-10-08T07:38:16","slug":"aszf","status":"publish","type":"page","link":"https:\/\/gordiuszmasszazs.hu\/en\/aszf\/","title":{"rendered":"Terms and Conditions"},"content":{"rendered":"<div data-elementor-type=\"wp-page\" data-elementor-id=\"12954\" class=\"elementor elementor-12954\">\n\t\t\t\t\t\t<section class=\"elementor-section elementor-top-section elementor-element elementor-element-7ef86bc8 elementor-section-boxed elementor-section-height-default elementor-section-height-default sc_fly_static\" data-id=\"7ef86bc8\" data-element_type=\"section\" data-e-type=\"section\">\n\t\t\t\t\t\t<div class=\"elementor-container elementor-column-gap-extended\">\n\t\t\t\t\t<div class=\"elementor-column elementor-col-100 elementor-top-column elementor-element elementor-element-19372eea sc_content_align_inherit sc_layouts_column_icons_position_left sc_fly_static\" data-id=\"19372eea\" data-element_type=\"column\" data-e-type=\"column\">\n\t\t\t<div class=\"elementor-widget-wrap elementor-element-populated\">\n\t\t\t\t\t\t<div class=\"elementor-element elementor-element-690b98ed sc_fly_static elementor-widget elementor-widget-spacer\" data-id=\"690b98ed\" data-element_type=\"widget\" data-e-type=\"widget\" data-widget_type=\"spacer.default\">\n\t\t\t\t<div class=\"elementor-widget-container\">\n\t\t\t\t\t\t\t<div class=\"elementor-spacer\">\n\t\t\t<div class=\"elementor-spacer-inner\"><\/div>\n\t\t<\/div>\n\t\t\t\t\t\t<\/div>\n\t\t\t\t<\/div>\n\t\t\t\t\t<\/div>\n\t\t<\/div>\n\t\t\t\t\t<\/div>\n\t\t<\/section>\n\t\t\t\t<section class=\"elementor-section elementor-top-section elementor-element elementor-element-a2ec18c elementor-section-boxed elementor-section-height-default elementor-section-height-default sc_fly_static\" data-id=\"a2ec18c\" data-element_type=\"section\" data-e-type=\"section\" data-settings=\"{&quot;background_background&quot;:&quot;classic&quot;}\">\n\t\t\t\t\t\t<div class=\"elementor-container elementor-column-gap-extended\">\n\t\t\t\t\t<div class=\"elementor-column elementor-col-100 elementor-top-column elementor-element elementor-element-e4f67bc sc_content_align_inherit sc_layouts_column_icons_position_left sc_fly_static\" data-id=\"e4f67bc\" data-element_type=\"column\" data-e-type=\"column\">\n\t\t\t<div class=\"elementor-widget-wrap elementor-element-populated\">\n\t\t\t\t\t\t<div class=\"elementor-element elementor-element-fc87c00 sc_fly_static elementor-widget elementor-widget-text-editor\" data-id=\"fc87c00\" data-element_type=\"widget\" data-e-type=\"widget\" data-widget_type=\"text-editor.default\">\n\t\t\t\t<div class=\"elementor-widget-container\">\n\t\t\t\t\t\t\t\t\t<p><strong>General Terms and Conditions<\/strong><\/p><p><strong>This document is not filed, is concluded exclusively in electronic form, does not qualify as a written contract, is written in Hungarian, does not refer to a code of conduct. In case of questions regarding the operation, ordering and delivery process of the webshop, we are available at the given contact details. The scope of these GTC covers legal relationships on the Service Provider&#039;s website (https:\/\/www.gordiuszmasszazs.hu) and its subdomains. These GTC are continuously available from the following website: https:\/\/www.gordiuszmasszazs.hu<\/strong><\/p><ol><li><strong>Szolg\u00e1ltat\u00f3k adatai:<\/strong><\/li><\/ol><p><strong>Name of the service provider: M\u00e9sz\u00e1ros \u00c1gota EV<br \/><\/strong><strong style=\"font-size: 16px;\">The service provider&#039;s registered office is: 6722 Szeged, Nemes Tak\u00e1cs u. 3-7\/c, floor 30.<\/strong><\/p><p><strong style=\"font-size: 16px;\">Tax number: 76095616-1-26<\/strong><\/p><p><strong>Name of the registering authority: Szeged Document Office<\/strong><\/p><p><b><span style=\"font-size: 13.0pt; line-height: 115%;\">A szolg\u00e1ltat\u00f3 neve: M\u00e9sz\u00e1ros P\u00e9ter EV\u00a0<br \/><\/span><\/b><b style=\"font-family: inherit; font-style: inherit;\"><span style=\"font-size: 13.0pt; line-height: 115%;\">A\u00a0<\/span><\/b><b style=\"font-family: inherit; font-style: inherit;\"><span style=\"font-size: 13.0pt; line-height: 115%;\">szolg\u00e1ltat\u00f3 sz\u00e9khelye: 6722 Szeged, Nemes Tak\u00e1cs u. 3-7\/c fsz.30.<\/span><\/b><\/p><p><b style=\"font-family: inherit; font-style: inherit;\"><span style=\"font-size: 13pt; line-height: 115%;\"><span style=\"font-family: inherit;\">Ad\u00f3sz\u00e1ma:<\/span><\/span><\/b><\/p><p><b style=\"font-style: inherit;\"><span style=\"font-size: 13pt; line-height: 115%;\"><span style=\"font-family: inherit;\">66692171-1-26<br \/><\/span><br \/><\/span><\/b><strong style=\"font-family: droid-serif, serif; font-size: 16px; font-style: normal;\">Name of the registering authority: Szeged Document Office<\/strong><b style=\"font-style: inherit;\"><\/b><\/p><p><span style=\"font-weight: bold; font-size: 16px;\"><span style=\"font-size: 13pt; line-height: 19.9333px;\">A\u00a0<\/span><\/span><span style=\"font-weight: bold; font-size: 16px;\"><span style=\"font-size: 13pt; line-height: 19.9333px;\">szolg\u00e1ltat\u00f3k el\u00e9rhet\u0151s\u00e9ge, az ig\u00e9nybe vev\u0151kkel val\u00f3 kapcsolattart\u00e1sra szolg\u00e1l\u00f3,\u00a0<\/span><\/span><span style=\"font-weight: bold; font-size: 16px;\"><span style=\"font-size: 13pt; line-height: 19.9333px;\">rendszeresen haszn\u00e1lt elektronikus levelez\u00e9si\u00a0<\/span><\/span><span style=\"font-weight: bold; font-size: 16px;\"><span style=\"font-size: 13pt; line-height: 19.9333px;\">c\u00edme:\u00a0 \u00a0 \u00a0<span style=\"color: #0000ff;\">info@gordiuszmasszazs.hu<\/span><\/span><\/span><\/p><p><strong>Language of the contract: Hungarian<\/strong><\/p><p><strong>Name, address, and email address of the hosting provider:<\/strong><\/p><p><strong style=\"font-family: droid-serif, serif; font-size: 15px; font-style: normal; color: #f9a392;\">CTX Services Ltd. 6725 Szeged, Boldogasszony sgt. 53.<\/strong><\/p><ol start=\"2\"><li><strong>Basic provisions<\/strong><\/li><\/ol><p><strong>2.1.<\/strong><strong>\u00a0Hungarian law shall govern any issues not regulated in these Regulations and the interpretation of these Regulations, with particular regard to the relevant provisions of Act V of 2013 on the Civil Code (\u201cCivil Code\u201d) and Act CVIII of 2001 on certain issues of electronic commerce services and services related to the information society, as well as Government Decree 45\/2014 (II. 26.) on the detailed rules of contracts between consumers and businesses. The mandatory provisions of the relevant laws shall apply to the parties without any separate stipulation.<\/strong><\/p><p><strong>2.2.<\/strong><strong>\u00a0These Regulations shall be effective from December 1, 2020 and shall remain in effect until revoked. The Service Provider shall have the right to unilaterally amend the Regulations. The Service Provider shall publish the amendments on the websites 11 (eleven) days before their entry into force. By using the websites, users agree that all regulations related to the use of the websites shall automatically apply to them.<\/strong><\/p><p><strong>2.3.<\/strong><strong>\u00a0If the User enters the webshop website operated by the Service Provider or reads its content in any way - even if he is not a registered user of the webshop, he acknowledges the provisions of the Regulations as binding on him. If the User does not accept the terms and conditions, he is not entitled to view the content of the webshop.<\/strong><\/p><p><strong>2.4.<\/strong><strong>\u00a0 The Service Provider reserves all rights to the webshop website, any part thereof and the content appearing on it, as well as the distribution of the website. It is prohibited to download, electronically store, process and sell the content appearing on the webshop or any part thereof without the written consent of the Service Provider.<\/strong><\/p><ol start=\"3\"><li><strong>Services available for purchase:<\/strong><\/li><\/ol><p><strong>3.1.<\/strong><strong>\u00a0The prices displayed for services are in HUF and include taxes required by law.<\/strong><\/p><p><strong>3.2.<\/strong><strong>\u00a0In the webshop, the Service Provider provides a detailed description of the service, and displays a photo indicating the nature of the service. The images displayed on the data sheet may differ from the actual one and may be used as illustrations. We do not assume any liability for any differences between the image displayed in the webshop and the actual service.<\/strong><\/p><p><strong>3.3.<\/strong><strong>\u00a0If a promotional price is introduced, the Service Provider will fully inform Users about the promotion and its exact duration and conditions.<\/strong><\/p><ol start=\"4\"><li><strong>Order process:<\/strong><\/li><\/ol><p><strong>4.1.<\/strong><strong>\u00a0You can start shopping without registering as a user.<\/strong><\/p><p><strong>4.2.<\/strong><strong>\u00a0The user sets the number of products they want to purchase.<\/strong><\/p><p><strong>4.3.<\/strong><strong>\u00a0The user places the selected products in the cart. The user can view the contents of the cart at any time by clicking on the &quot;cart&quot; icon.<\/strong><\/p><p><strong>4.4.<\/strong><strong>\u00a0If the User wants to add more products to the cart, they continue adding products to the cart. If they do not want to purchase more products, they check the quantity of the product they want to purchase. They can delete the contents of the cart by clicking on the \u201cX\u201d icon.<\/strong><\/p><p><strong>4.5.<\/strong><strong>\u00a0The user selects the delivery address or provides their online contact information to which the gift card entitling them to use the purchased service will be delivered in digital form, and then the delivery\/payment method, the types of which are as follows:<\/strong><\/p><p><strong>4.5.1.<\/strong><strong>\u00a0Payment methods:<\/strong><\/p><p><strong>Advance payment: If you wish to pay for the order upon receipt of the package, select the \u201cTransfer\u201d payment method. After placing the order, the Buyer transfers the purchase price to the bank account number provided in the confirmation email, indicating the order number in the notification.\u00a0\u00a0<\/strong><\/p><p><b><span style=\"font-size: 13.0pt; line-height: 115%;\">Bankk\u00e1rty\u00e1s fizet\u00e9s:\u00a0Tudom\u00e1sul veszem, hogy a M\u00e9sz\u00e1ros P\u00e9ter EV. (6722 Szeged, Nemes Tak\u00e1cs u. 3-7\/c fsz. 30.) adatkezel\u0151 \u00e1ltal a https:\/\/www.gordiuszmasszazs.hu weboldal felhaszn\u00e1l\u00f3i adatb\u00e1zis\u00e1ban t\u00e1rolt al\u00e1bbi szem\u00e9lyes adataim \u00e1tad\u00e1sra ker\u00fclnek a SimplePay Zrt., mint adatfeldolgoz\u00f3 r\u00e9sz\u00e9re. Az adatkezel\u0151 \u00e1ltal tov\u00e1bb\u00edtott adatok k\u00f6re az al\u00e1bbi: N\u00e9v, c\u00edm, \u00e9s email.c\u00edm. Az adatfeldolgoz\u00f3 \u00e1ltal v\u00e9gzett adatfeldolgoz\u00e1si tev\u00e9kenys\u00e9g jellege \u00e9s c\u00e9lja a SimplePay Adatkezel\u00e9si t\u00e1j\u00e9koztat\u00f3ban, az al\u00e1bbi linken tekinthet\u0151 meg:\u00a0<a title=\"https:\/\/simplepay.hu\/adatkezelesi-tajekoztatok\/\" href=\"https:\/\/simplepay.hu\/adatkezelesi-tajekoztatok\/\" target=\"_blank\" rel=\"noopener\">https:\/\/simplepay.hu\/adatkezelesi-tajekoztatok\/<\/a><\/span><\/b><\/p><p><strong>\u00a0<\/strong><strong style=\"font-size: 16px;\">4.5.2.<\/strong><strong style=\"font-size: 16px;\">\u00a0Shipping cost:<\/strong><\/p><p><strong>Shipping cost: 1500 HUF<\/strong><\/p><p><strong>Electronic PDF card sent by email: 0 HUF<\/strong><\/p><p><strong>4.6.<\/strong><strong>\u00a0If an error or omission occurs in the webshop regarding products or prices, we reserve the right to make corrections. In such cases, we will inform the buyer of the new data immediately after the error is recognized or modified. The buyer can then confirm the order once again, or it is possible for either party to withdraw from the contract.<\/strong><\/p><p><strong>4.7.<\/strong><strong>\u00a0The total amount to be paid includes all costs based on the order summary and confirmation letter.<\/strong><\/p><p><strong>The customer will be notified of the total amount to be paid upon confirmation of the order. The Service Provider will send the invoice to the User electronically (e-mail) in PDF format on the day of delivery of the product. By accepting these GTC, the User agrees to the sending\/receiving of the invoice in this manner. If the User also requires a paper-based invoice, he can request it from the webshop customer service.<\/strong><\/p><p><strong>4.8.<\/strong><strong>\u00a0After entering the data, the User can send their order by clicking on the &quot;Confirm Order&quot; button, but before that, they can check the data provided once again, send a comment with their order, or notify us of any other wishes related to the order by e-mail.<\/strong><\/p><p><strong>4.9.<\/strong><strong>\u00a0Correction of data entry errors: Before closing the ordering process, the user can always go back to the previous phase, where he can correct the entered data.\u00a0<\/strong><\/p><p><strong>4.10. The User receives a confirmation by e-mail after sending the order. If this confirmation does not arrive at the User within the expected deadline depending on the nature of the service, but no later than 48 hours from the date of sending the User&#039;s order, the User is released from the offer binding or contractual obligation. The order and its confirmation shall be deemed to have arrived at the Service Provider or the User when it becomes available to him. The Service Provider excludes its responsibility for confirmation if the confirmation does not arrive on time because the User provided an incorrect e-mail address during registration or cannot receive messages due to the storage space belonging to his account being full.<\/strong><\/p><ol start=\"5\"><li><strong>Processing and fulfilling orders<\/strong><\/li><\/ol><p><strong>5.1.<\/strong><strong>\u00a0Orders are processed during opening hours. It is also possible to place an order outside of the times indicated for order processing; if it is placed after working hours, it will be processed within the following day.<\/strong><\/p><p><strong>\u00a0<\/strong><strong style=\"font-size: 16px;\">Right of withdrawal<\/strong><\/p><p><strong>6.1.<\/strong><strong>\u00a0In accordance with Directive 2011\/83\/EU of the European Parliament and of the Council and Government Decree 45\/2014. (II.26.) on the detailed rules for contracts between consumers and businesses, the User may withdraw from the contract without giving any reason and return the ordered product within 14 days of receiving the ordered product. In the absence of this information, the User is entitled to exercise his right of withdrawal up to 1 year.<\/strong><\/p><p><strong>6.2.<\/strong><strong>\u00a0The cost of returning the product must be borne by the consumer; the company has not undertaken to bear this cost.<\/strong><\/p><p><strong>6.4.<\/strong><strong>\u00a0In the event of exercising the right of withdrawal, the User will not be charged any costs other than the cost of returning the product.<\/strong><\/p><p><strong>6.5.<\/strong><strong>\u00a0The User does not have the right of withdrawal if the business has already started providing the service related to the product.<\/strong><\/p><p><strong>a.) in the case of a contract for the provision of a service, after the entire service has been performed, if the undertaking has commenced the performance with the express prior consent of the consumer and the consumer has acknowledged that he will lose his right of termination after the entire service has been performed;<\/strong><\/p><p><strong>b.) in respect of a product or service whose price or fee is subject to possible fluctuations in the financial market that cannot be influenced by the undertaking, even during the period open for exercising the right of withdrawal;<\/strong><\/p><p><strong>c.) in relation to a product that is perishable or has a short shelf life;<\/strong><\/p><p><strong>d.) in respect of a product in sealed packaging that cannot be returned after opening after delivery for health or hygiene reasons;<\/strong><\/p><p><strong>e.) in respect of a product which, by its nature, is inseparably mixed with other products after delivery;<\/strong><\/p><p><strong>f.) in respect of an alcoholic beverage whose actual value depends on market fluctuations in a way that cannot be influenced by the undertaking, and whose price was agreed upon by the parties when concluding the sales contract, however, the contract is only fulfilled after the thirtieth day from the conclusion;<\/strong><\/p><p><strong>6.6.<\/strong><strong>\u00a0After the product is returned, the Service Provider, in possession of a declaration of withdrawal, will refund the amount paid to the User immediately, but no later than within 14 days, in accordance with the above legislation.<\/strong><\/p><p><strong>6.8.<\/strong><strong>\u00a0During the refund, the Service Provider will pay the amount to be refunded in the same way as the payment method used by the Consumer; the User will not incur any additional costs by using this refund method.<\/strong><\/p><p><strong>6.9.<\/strong><strong>\u00a0The User is obliged to return the goods without undue delay, but in no case later than 15 days from the date of sending the notice of withdrawal from the contract to the Service Provider.<\/strong><\/p><p><strong>6.10.<\/strong><strong>\u00a0 The user meets the deadline if he\/she returns the product(s) before the 15-day period expires.<\/strong><\/p><p><strong>6.11.<\/strong><strong>\u00a0The consumer bears only the cost of returning the product.<\/strong><\/p><p><strong>6.12.<\/strong><strong>\u00a0The User can only be held liable for any diminished value of the goods if it is due to handling other than that necessary to establish the nature, properties and functioning of the goods.<\/strong><\/p><p><strong>6.13.<\/strong><strong>\u00a0The Service Provider may withhold the refund until the goods have been returned or the User has provided proof that they have been returned: whichever is earlier.<\/strong><\/p><p><strong>6.14.<\/strong><strong>\u00a0If the User wishes to exercise his\/her right of withdrawal, he\/she may notify the Service Provider in writing or by telephone. When notifying in writing by post, the date of posting is taken into account (the stamp on the postal envelope confirming the posting), and when notifying by telephone, the date of notification by telephone. The User may return the ordered product to the Service Provider by post or by courier service.<\/strong><\/p><p><strong>6.16.<\/strong><strong>\u00a0The User may also contact the Service Provider with other complaints using the contact details provided in these Regulations.<\/strong><\/p><p><strong>6.17.<\/strong><strong>\u00a0The right of withdrawal does not apply to businesses, i.e. persons acting in the course of their profession, independent occupation or business activity.<\/strong><\/p><ol start=\"7\"><li><strong>Miscellaneous Provisions<\/strong><\/li><\/ol><p><strong>7.1.<\/strong><strong>\u00a0The Service Provider is entitled to use a collaborator to fulfill its obligations. It is fully responsible for the illegal conduct of such collaborator, as if it had committed the illegal conduct itself.<\/strong><\/p><p><strong>7.2.<\/strong><strong>\u00a0If any part of these Terms and Conditions is held to be invalid, illegal or unenforceable, the validity, legality and enforceability of the remaining parts shall not be affected.<\/strong><\/p><p><strong>7.3.<\/strong><strong>\u00a0If the Service Provider does not exercise its rights under the Regulations, the failure to exercise the right shall not be considered a waiver of the given right. Any waiver of any right shall be valid only if it is expressly stated in writing. The fact that the Service Provider does not strictly adhere to any essential condition or provision of the Regulations on one occasion does not mean that it waives its right to insist on strict compliance with the given condition or provision in the future.<\/strong><\/p><p><strong>7.4.<\/strong><strong>\u00a0The Service Provider and the User shall attempt to resolve their disputes amicably.<\/strong><\/p><ol start=\"8\"><li><strong>Complaints handling procedure<\/strong><\/li><\/ol><p><strong>8.1.<\/strong><strong>\u00a0Our store aims to fulfill all orders in good quality and to the full satisfaction of the customer. If the User has any complaints regarding the contract or its fulfillment, they can submit their complaints to the above e-mail address or by letter.<\/strong><\/p><p><strong>8.2.<\/strong><strong>\u00a0The Service Provider shall immediately investigate the oral complaint and remedy it as necessary. If the customer does not agree with the handling of the complaint, the Service Provider shall immediately record the complaint and its position on it and shall provide a copy thereof to the customer. If an immediate investigation of the complaint is not possible, the Service Provider shall record the complaint and provide a copy thereof to the customer.<\/strong><\/p><p><strong>8.3.<\/strong><strong>\u00a0Our webshop will respond to the written complaint in writing within 30 days. It will justify its position rejecting the complaint. It will keep a copy of the response for 3 years and present it to the supervisory authorities upon their request.<\/strong><\/p><p><strong>8.4.<\/strong><strong>\u00a0You can also file a complaint with the National Consumer Protection Authority:<\/strong><\/p><p><strong>National Consumer Protection Authority<\/strong><\/p><p><strong>Address: 1088 Budapest, J\u00f3zsef krt. 6.<\/strong><\/p><p><strong>Mailing address: 1428 Budapest, PO Box: 20.<\/strong><\/p><p><strong>GPS coordinates: X 19.071 Y 47.496<\/strong><\/p><p><strong>Central phone number: +36 1 459 4800<\/strong><\/p><p><strong>Fax number: +36 1 210 4677<\/strong><\/p><p><strong>Email: nfh@nfh.hu<\/strong><\/p><p><strong><em>Data protection<\/em><\/strong><\/p><p><strong>The website&#039;s data management information is available on the following page:<\/strong><\/p><p><strong><u><a href=\"https:\/\/gordiuszmasszazs.hu\/en\/adatvedelem\/\">https:\/\/www.gordiuszmasszazs.hu\/adatvedelem<\/a><\/u><\/strong><\/p><p>\u00a0<\/p>\t\t\t\t\t\t\t\t<\/div>\n\t\t\t\t<\/div>\n\t\t\t\t\t<\/div>\n\t\t<\/div>\n\t\t\t\t\t<\/div>\n\t\t<\/section>\n\t\t\t\t<\/div>","protected":false},"excerpt":{"rendered":"<p>\u00c1ltal\u00e1nos Szerz\u0151d\u00e9si Felt\u00e9telek Jelen dokumentum nem ker\u00fcl iktat\u00e1sra, kiz\u00e1r\u00f3lag elektronikus form\u00e1ban ker\u00fcl megk\u00f6t\u00e9sre, nem min\u0151s\u00fcl \u00edr\u00e1sbeli szerz\u0151d\u00e9snek, magyar nyelven \u00edr\u00f3dik, magatart\u00e1si k\u00f3dexre nem utal. A webshop m\u0171k\u00f6d\u00e9s\u00e9vel, megrendel\u00e9si, \u00e9s sz\u00e1ll\u00edt\u00e1si&hellip;<\/p>","protected":false},"author":1,"featured_media":0,"parent":0,"menu_order":0,"comment_status":"closed","ping_status":"closed","template":"","meta":{"footnotes":""},"class_list":["post-12954","page","type-page","status-publish","hentry"],"_links":{"self":[{"href":"https:\/\/gordiuszmasszazs.hu\/en\/wp-json\/wp\/v2\/pages\/12954","targetHints":{"allow":["GET"]}}],"collection":[{"href":"https:\/\/gordiuszmasszazs.hu\/en\/wp-json\/wp\/v2\/pages"}],"about":[{"href":"https:\/\/gordiuszmasszazs.hu\/en\/wp-json\/wp\/v2\/types\/page"}],"author":[{"embeddable":true,"href":"https:\/\/gordiuszmasszazs.hu\/en\/wp-json\/wp\/v2\/users\/1"}],"replies":[{"embeddable":true,"href":"https:\/\/gordiuszmasszazs.hu\/en\/wp-json\/wp\/v2\/comments?post=12954"}],"version-history":[{"count":13,"href":"https:\/\/gordiuszmasszazs.hu\/en\/wp-json\/wp\/v2\/pages\/12954\/revisions"}],"predecessor-version":[{"id":24051,"href":"https:\/\/gordiuszmasszazs.hu\/en\/wp-json\/wp\/v2\/pages\/12954\/revisions\/24051"}],"wp:attachment":[{"href":"https:\/\/gordiuszmasszazs.hu\/en\/wp-json\/wp\/v2\/media?parent=12954"}],"curies":[{"name":"wp","href":"https:\/\/api.w.org\/{rel}","templated":true}]}}